{"id":9520,"date":"2024-05-06T14:50:42","date_gmt":"2024-05-06T12:50:42","guid":{"rendered":"http:\/\/s952819088.online.de\/media-library"},"modified":"2024-05-07T14:29:54","modified_gmt":"2024-05-07T12:29:54","slug":"media-library","status":"publish","type":"page","link":"https:\/\/koehl.energy\/en\/media-library","title":{"rendered":"Media library"},"content":{"rendered":"<p>[et_pb_section fb_built=&#8221;1&#8243; _builder_version=&#8221;4.21.0&#8243; _module_preset=&#8221;default&#8221; custom_margin=&#8221;0px||0px||true|false&#8221; custom_padding=&#8221;20px||20px||false|false&#8221; global_colors_info=&#8221;{}&#8221;][et_pb_row _builder_version=&#8221;4.23.1&#8243; _module_preset=&#8221;default&#8221; width=&#8221;100%&#8221; max_width=&#8221;1200px&#8221; custom_margin=&#8221;|auto|8px|auto||&#8221; custom_padding=&#8221;|20px|8px|20px|false|true&#8221; global_colors_info=&#8221;{}&#8221;][et_pb_column type=&#8221;4_4&#8243; _builder_version=&#8221;4.20.0&#8243; _module_preset=&#8221;default&#8221; global_colors_info=&#8221;{}&#8221;][et_pb_text _builder_version=&#8221;4.25.0&#8243; _module_preset=&#8221;bd8d3130-daa1-43c1-9506-371b2db18ab7&#8243; text_font=&#8221;||||||||&#8221; header_font=&#8221;|600|||||||&#8221; header_text_align=&#8221;center&#8221; custom_margin=&#8221;||6px|||&#8221; header_text_align_tablet=&#8221;left&#8221; header_text_align_phone=&#8221;&#8221; header_text_align_last_edited=&#8221;on|desktop&#8221; global_colors_info=&#8221;{}&#8221;]<\/p>\n<h1>Media library<\/h1>\n<p>[\/et_pb_text][et_pb_text _builder_version=&#8221;4.25.0&#8243; _module_preset=&#8221;bd8d3130-daa1-43c1-9506-371b2db18ab7&#8243; text_orientation=&#8221;center&#8221; hover_enabled=&#8221;0&#8243; global_colors_info=&#8221;{}&#8221; sticky_enabled=&#8221;0&#8243;]<\/p>\n<p>Here you will find all brochures and general documents to download from K\u00d6HL energy s.\u00e0 r.l. POWER DISTRIBUTION SYSTEMS. <span>Gerne k\u00f6nnen Sie uns kontaktieren.<\/span> <strong>phone: +352 71 99 71 \u2013 0 | email:<\/strong><a href=\"mailto:info@koehl-sarl.eu\" title=\"info@koehl-sarl.eu\"><span> info<\/span> <span id=\"eeb-828195-166545\">@koehl-sarl.eu<\/span> <i class=\"eeb-encoded dashicons-before dashicons-lock\" title=\"Email encoded successfully!\"><\/i><\/a><span> | <\/span><a href=\"https:\/\/koehl.energy\/en\/contact\" title=\"Go to the contact form...\">contact form<\/a><\/p>\n<p>[\/et_pb_text][\/et_pb_column][\/et_pb_row][et_pb_row column_structure=&#8221;1_4,1_4,1_4,1_4&#8243; use_custom_gutter=&#8221;on&#8221; gutter_width=&#8221;2&#8243; _builder_version=&#8221;4.23&#8243; _module_preset=&#8221;default&#8221; width=&#8221;100%&#8221; max_width=&#8221;1200px&#8221; module_alignment=&#8221;center&#8221; custom_margin=&#8221;40px|auto|45px|auto||&#8221; custom_padding=&#8221;|20px||20px|false|true&#8221; global_colors_info=&#8221;{}&#8221;][et_pb_column type=&#8221;1_4&#8243; _builder_version=&#8221;4.22.1&#8243; _module_preset=&#8221;default&#8221; global_colors_info=&#8221;{}&#8221;][\/et_pb_column][et_pb_column type=&#8221;1_4&#8243; _builder_version=&#8221;4.22.1&#8243; _module_preset=&#8221;default&#8221; global_colors_info=&#8221;{}&#8221;][et_pb_blurb title=&#8221;Documents&#8221; use_icon=&#8221;on&#8221; font_icon=&#8221;&#xe059;||divi||400&#8243; _builder_version=&#8221;4.25.0&#8243; _module_preset=&#8221;default&#8221; header_font_size=&#8221;22px&#8221; header_line_height=&#8221;1.2em&#8221; body_font_size=&#8221;16px&#8221; body_line_height=&#8221;1.6em&#8221; text_orientation=&#8221;center&#8221; link_option_url=&#8221;https:\/\/koehl.energy\/en\/documents&#8221; header_font_size_tablet=&#8221;22px&#8221; header_font_size_phone=&#8221;20px&#8221; header_font_size_last_edited=&#8221;on|desktop&#8221; body_font_size_tablet=&#8221;16px&#8221; body_font_size_phone=&#8221;15px&#8221; body_font_size_last_edited=&#8221;on|desktop&#8221; global_colors_info=&#8221;{}&#8221;][\/et_pb_blurb][\/et_pb_column][et_pb_column type=&#8221;1_4&#8243; _builder_version=&#8221;4.22.1&#8243; _module_preset=&#8221;default&#8221; global_colors_info=&#8221;{}&#8221;][et_pb_blurb title=&#8221;Brochures&#8221; use_icon=&#8221;on&#8221; font_icon=&#8221;&#xf1c1;||fa||900&#8243; _builder_version=&#8221;4.25.0&#8243; _module_preset=&#8221;default&#8221; header_font_size=&#8221;22px&#8221; header_line_height=&#8221;1.2em&#8221; body_font_size=&#8221;16px&#8221; body_line_height=&#8221;1.6em&#8221; text_orientation=&#8221;center&#8221; link_option_url=&#8221;https:\/\/koehl.energy\/en\/brochures&#8221; header_font_size_tablet=&#8221;22px&#8221; header_font_size_phone=&#8221;20px&#8221; header_font_size_last_edited=&#8221;on|desktop&#8221; body_font_size_tablet=&#8221;16px&#8221; body_font_size_phone=&#8221;15px&#8221; body_font_size_last_edited=&#8221;on|desktop&#8221; global_colors_info=&#8221;{}&#8221;][\/et_pb_blurb][\/et_pb_column][et_pb_column type=&#8221;1_4&#8243; _builder_version=&#8221;4.22.1&#8243; _module_preset=&#8221;default&#8221; global_colors_info=&#8221;{}&#8221;][\/et_pb_column][\/et_pb_row][\/et_pb_section]<\/p>\n","protected":false},"excerpt":{"rendered":"<p>Media libraryHere you will find all brochures and general documents to download from K\u00d6HL energy s.\u00e0 r.l. POWER DISTRIBUTION SYSTEMS. Gerne k\u00f6nnen Sie uns kontaktieren. phone: +352 71 99 71 \u2013 0 | email: info @koehl-sarl.eu | contact form<\/p>\n","protected":false},"author":1,"featured_media":0,"parent":0,"menu_order":0,"comment_status":"closed","ping_status":"closed","template":"","meta":{"_et_pb_use_builder":"on","_et_pb_old_content":"","_et_gb_content_width":"","footnotes":""},"class_list":["post-9520","page","type-page","status-publish","hentry"],"yoast_head":"<!-- This site is optimized with the Yoast SEO plugin v27.2 - https:\/\/yoast.com\/product\/yoast-seo-wordpress\/ -->\n<title>Media library - K\u00d6HL energy s.\u00e0 r.l. POWER DISTRIBUTION SYSTEMS<\/title>\n<meta name=\"description\" content=\"K\u00d6HL media library s.\u00e0 r.l. POWER DISTRIBUTION SYSTEMS\" \/>\n<meta name=\"robots\" content=\"index, follow, max-snippet:-1, max-image-preview:large, max-video-preview:-1\" \/>\n<link rel=\"canonical\" href=\"https:\/\/koehl.energy\/en\/media-library\" \/>\n<meta property=\"og:locale\" content=\"en_US\" \/>\n<meta property=\"og:type\" content=\"article\" \/>\n<meta property=\"og:title\" content=\"Media library - K\u00d6HL energy s.\u00e0 r.l. POWER DISTRIBUTION SYSTEMS\" \/>\n<meta property=\"og:description\" content=\"K\u00d6HL media library s.\u00e0 r.l. POWER DISTRIBUTION SYSTEMS\" \/>\n<meta property=\"og:url\" content=\"https:\/\/koehl.energy\/en\/media-library\" \/>\n<meta property=\"og:site_name\" content=\"K\u00d6HL energy s.\u00e0 r.l. POWER DISTRIBUTION SYSTEMS\" \/>\n<meta property=\"article:publisher\" content=\"https:\/\/www.facebook.com\/profile.php?id=100063907395570&amp;locale=de_DE\" \/>\n<meta property=\"article:modified_time\" content=\"2024-05-07T12:29:54+00:00\" \/>\n<meta name=\"twitter:card\" content=\"summary_large_image\" \/>\n<meta name=\"twitter:label1\" content=\"Est. reading time\" \/>\n\t<meta name=\"twitter:data1\" content=\"2 minutes\" \/>\n<script type=\"application\/ld+json\" class=\"yoast-schema-graph\">{\"@context\":\"https:\/\/schema.org\",\"@graph\":[{\"@type\":\"WebPage\",\"@id\":\"https:\/\/koehl.energy\/en\/media-library\",\"url\":\"https:\/\/koehl.energy\/en\/media-library\",\"name\":\"Media library - K\u00d6HL energy s.\u00e0 r.l. POWER DISTRIBUTION SYSTEMS\",\"isPartOf\":{\"@id\":\"https:\/\/koehl.energy\/en#website\"},\"datePublished\":\"2024-05-06T12:50:42+00:00\",\"dateModified\":\"2024-05-07T12:29:54+00:00\",\"description\":\"K\u00d6HL media library s.\u00e0 r.l. POWER DISTRIBUTION SYSTEMS\",\"breadcrumb\":{\"@id\":\"https:\/\/koehl.energy\/en\/media-library#breadcrumb\"},\"inLanguage\":\"en-US\",\"potentialAction\":[{\"@type\":\"ReadAction\",\"target\":[\"https:\/\/koehl.energy\/en\/media-library\"]}]},{\"@type\":\"BreadcrumbList\",\"@id\":\"https:\/\/koehl.energy\/en\/media-library#breadcrumb\",\"itemListElement\":[{\"@type\":\"ListItem\",\"position\":1,\"name\":\"Startseite\",\"item\":\"https:\/\/koehl.energy\/en\/koehl-s-a-r-l-power-distribution-systems\"},{\"@type\":\"ListItem\",\"position\":2,\"name\":\"Media library\"}]},{\"@type\":\"WebSite\",\"@id\":\"https:\/\/koehl.energy\/en#website\",\"url\":\"https:\/\/koehl.energy\/en\",\"name\":\"K\u00d6HL energy s.\u00e0 r.l. POWER DISTRIBUTION SYSTEMS\",\"description\":\"Ihr Partner weltweit.\",\"publisher\":{\"@id\":\"https:\/\/koehl.energy\/en#organization\"},\"potentialAction\":[{\"@type\":\"SearchAction\",\"target\":{\"@type\":\"EntryPoint\",\"urlTemplate\":\"https:\/\/koehl.energy\/en?s={search_term_string}\"},\"query-input\":{\"@type\":\"PropertyValueSpecification\",\"valueRequired\":true,\"valueName\":\"search_term_string\"}}],\"inLanguage\":\"en-US\"},{\"@type\":\"Organization\",\"@id\":\"https:\/\/koehl.energy\/en#organization\",\"name\":\"K\u00d6HL energy s.\u00e0 r.l. POWER DISTRIBUTION SYSTEMS\",\"url\":\"https:\/\/koehl.energy\/en\",\"logo\":{\"@type\":\"ImageObject\",\"inLanguage\":\"en-US\",\"@id\":\"https:\/\/koehl.energy\/en#\/schema\/logo\/image\/\",\"url\":\"https:\/\/koehl.energy\/wp-content\/uploads\/2025\/06\/KOEHL-ENERGY-SARL-Logo-farbe-ohne-Schatten.png\",\"contentUrl\":\"https:\/\/koehl.energy\/wp-content\/uploads\/2025\/06\/KOEHL-ENERGY-SARL-Logo-farbe-ohne-Schatten.png\",\"width\":800,\"height\":208,\"caption\":\"K\u00d6HL energy s.\u00e0 r.l. POWER DISTRIBUTION SYSTEMS\"},\"image\":{\"@id\":\"https:\/\/koehl.energy\/en#\/schema\/logo\/image\/\"},\"sameAs\":[\"https:\/\/www.facebook.com\/profile.php?id=100063907395570&locale=de_DE\"]}]}<\/script>\n<!-- \/ Yoast SEO plugin. -->","yoast_head_json":{"title":"Media library - K\u00d6HL energy s.\u00e0 r.l. POWER DISTRIBUTION SYSTEMS","description":"K\u00d6HL media library s.\u00e0 r.l. POWER DISTRIBUTION SYSTEMS","robots":{"index":"index","follow":"follow","max-snippet":"max-snippet:-1","max-image-preview":"max-image-preview:large","max-video-preview":"max-video-preview:-1"},"canonical":"https:\/\/koehl.energy\/en\/media-library","og_locale":"en_US","og_type":"article","og_title":"Media library - K\u00d6HL energy s.\u00e0 r.l. POWER DISTRIBUTION SYSTEMS","og_description":"K\u00d6HL media library s.\u00e0 r.l. POWER DISTRIBUTION SYSTEMS","og_url":"https:\/\/koehl.energy\/en\/media-library","og_site_name":"K\u00d6HL energy s.\u00e0 r.l. POWER DISTRIBUTION SYSTEMS","article_publisher":"https:\/\/www.facebook.com\/profile.php?id=100063907395570&locale=de_DE","article_modified_time":"2024-05-07T12:29:54+00:00","twitter_card":"summary_large_image","twitter_misc":{"Est. reading time":"2 minutes"},"schema":{"@context":"https:\/\/schema.org","@graph":[{"@type":"WebPage","@id":"https:\/\/koehl.energy\/en\/media-library","url":"https:\/\/koehl.energy\/en\/media-library","name":"Media library - K\u00d6HL energy s.\u00e0 r.l. POWER DISTRIBUTION SYSTEMS","isPartOf":{"@id":"https:\/\/koehl.energy\/en#website"},"datePublished":"2024-05-06T12:50:42+00:00","dateModified":"2024-05-07T12:29:54+00:00","description":"K\u00d6HL media library s.\u00e0 r.l. POWER DISTRIBUTION SYSTEMS","breadcrumb":{"@id":"https:\/\/koehl.energy\/en\/media-library#breadcrumb"},"inLanguage":"en-US","potentialAction":[{"@type":"ReadAction","target":["https:\/\/koehl.energy\/en\/media-library"]}]},{"@type":"BreadcrumbList","@id":"https:\/\/koehl.energy\/en\/media-library#breadcrumb","itemListElement":[{"@type":"ListItem","position":1,"name":"Startseite","item":"https:\/\/koehl.energy\/en\/koehl-s-a-r-l-power-distribution-systems"},{"@type":"ListItem","position":2,"name":"Media library"}]},{"@type":"WebSite","@id":"https:\/\/koehl.energy\/en#website","url":"https:\/\/koehl.energy\/en","name":"K\u00d6HL energy s.\u00e0 r.l. POWER DISTRIBUTION SYSTEMS","description":"Ihr Partner weltweit.","publisher":{"@id":"https:\/\/koehl.energy\/en#organization"},"potentialAction":[{"@type":"SearchAction","target":{"@type":"EntryPoint","urlTemplate":"https:\/\/koehl.energy\/en?s={search_term_string}"},"query-input":{"@type":"PropertyValueSpecification","valueRequired":true,"valueName":"search_term_string"}}],"inLanguage":"en-US"},{"@type":"Organization","@id":"https:\/\/koehl.energy\/en#organization","name":"K\u00d6HL energy s.\u00e0 r.l. POWER DISTRIBUTION SYSTEMS","url":"https:\/\/koehl.energy\/en","logo":{"@type":"ImageObject","inLanguage":"en-US","@id":"https:\/\/koehl.energy\/en#\/schema\/logo\/image\/","url":"https:\/\/koehl.energy\/wp-content\/uploads\/2025\/06\/KOEHL-ENERGY-SARL-Logo-farbe-ohne-Schatten.png","contentUrl":"https:\/\/koehl.energy\/wp-content\/uploads\/2025\/06\/KOEHL-ENERGY-SARL-Logo-farbe-ohne-Schatten.png","width":800,"height":208,"caption":"K\u00d6HL energy s.\u00e0 r.l. POWER DISTRIBUTION SYSTEMS"},"image":{"@id":"https:\/\/koehl.energy\/en#\/schema\/logo\/image\/"},"sameAs":["https:\/\/www.facebook.com\/profile.php?id=100063907395570&locale=de_DE"]}]}},"_links":{"self":[{"href":"https:\/\/koehl.energy\/en\/wp-json\/wp\/v2\/pages\/9520","targetHints":{"allow":["GET"]}}],"collection":[{"href":"https:\/\/koehl.energy\/en\/wp-json\/wp\/v2\/pages"}],"about":[{"href":"https:\/\/koehl.energy\/en\/wp-json\/wp\/v2\/types\/page"}],"author":[{"embeddable":true,"href":"https:\/\/koehl.energy\/en\/wp-json\/wp\/v2\/users\/1"}],"replies":[{"embeddable":true,"href":"https:\/\/koehl.energy\/en\/wp-json\/wp\/v2\/comments?post=9520"}],"version-history":[{"count":0,"href":"https:\/\/koehl.energy\/en\/wp-json\/wp\/v2\/pages\/9520\/revisions"}],"wp:attachment":[{"href":"https:\/\/koehl.energy\/en\/wp-json\/wp\/v2\/media?parent=9520"}],"curies":[{"name":"wp","href":"https:\/\/api.w.org\/{rel}","templated":true}]}}