{"id":9066,"date":"2024-05-03T11:01:08","date_gmt":"2024-05-03T09:01:08","guid":{"rendered":"http:\/\/s952819088.online.de\/news-and-new-developments-from-koehl-s-a-r-l-power-distribution-systems"},"modified":"2025-02-05T15:40:30","modified_gmt":"2025-02-05T14:40:30","slug":"news-and-new-developments-from-koehl-s-a-r-l-power-distribution-systems","status":"publish","type":"page","link":"https:\/\/koehl.energy\/en\/news-and-new-developments-from-koehl-s-a-r-l-power-distribution-systems","title":{"rendered":"News and new developments from K\u00d6HL energy s.\u00e0 r.l. POWER DISTRIBUTION SYSTEMS"},"content":{"rendered":"<p>[et_pb_section fb_built=&#8221;1&#8243; _builder_version=&#8221;4.21.0&#8243; _module_preset=&#8221;default&#8221; custom_margin=&#8221;0px||0px||true|false&#8221; custom_padding=&#8221;20px||45px||false|false&#8221; global_colors_info=&#8221;{}&#8221;][et_pb_row _builder_version=&#8221;4.20.0&#8243; _module_preset=&#8221;default&#8221; custom_margin=&#8221;|auto|8px|auto||&#8221; custom_padding=&#8221;||8px|||&#8221; global_colors_info=&#8221;{}&#8221;][et_pb_column type=&#8221;4_4&#8243; _builder_version=&#8221;4.20.0&#8243; _module_preset=&#8221;default&#8221; global_colors_info=&#8221;{}&#8221;][et_pb_text _builder_version=&#8221;4.25.0&#8243; _module_preset=&#8221;bd8d3130-daa1-43c1-9506-371b2db18ab7&#8243; text_font=&#8221;||||||||&#8221; header_font=&#8221;|600|||||||&#8221; header_text_align=&#8221;center&#8221; custom_margin=&#8221;||6px|||&#8221; global_colors_info=&#8221;{}&#8221;]<\/p>\n<h1>News from K\u00d6HL energy s.\u00e0 r.l. POWER DISTRIBUTION SYSTEMS<\/h1>\n<p>[\/et_pb_text][et_pb_text _builder_version=&#8221;4.25.0&#8243; _module_preset=&#8221;bd8d3130-daa1-43c1-9506-371b2db18ab7&#8243; text_orientation=&#8221;center&#8221; custom_margin=&#8221;||9px|||&#8221; global_colors_info=&#8221;{}&#8221;]<\/p>\n<p><span>Here we would like to inform you about current topics and developments at K\u00d6HL s.\u00e0 r.l. and keep you up to date.<br \/><\/span><span>You are welcome to contact us: <\/span><strong>phone: +352 71 99 71 \u2013 0 | email:<\/strong><a href=\"mailto:info@koehl-sarl.eu%20\" title=\"info@koehl-sarl.eu\"><span> info<\/span> <span id=\"eeb-234785-859970\">@koehl-sarl.eu<\/span><\/a><span><a href=\"mailto:info@koehl-sarl.eu%20\" title=\"info@koehl-sarl.eu\"> <\/a> |<\/span><a href=\"https:\/\/koehl.energy\/en\/contact\" title=\"Go to the contact form...\">contact form<\/a><\/p>\n<p>[\/et_pb_text][\/et_pb_column][\/et_pb_row][et_pb_row _builder_version=&#8221;4.25.0&#8243; _module_preset=&#8221;default&#8221; width=&#8221;100%&#8221; max_width=&#8221;1200px&#8221; module_alignment=&#8221;center&#8221; custom_padding=&#8221;|20px||20px|false|true&#8221; global_colors_info=&#8221;{}&#8221;][et_pb_column type=&#8221;4_4&#8243; _builder_version=&#8221;4.22.2&#8243; _module_preset=&#8221;default&#8221; global_colors_info=&#8221;{}&#8221;][et_pb_blog include_categories=&#8221;43&#8243; module_class=&#8221;et_blog_grid_equal_height&#8221; _builder_version=&#8221;4.25.0&#8243; _module_preset=&#8221;default&#8221; header_text_color=&#8221;#FFFFFF&#8221; read_more_text_color=&#8221;#FFFFFF&#8221; box_shadow_color=&#8221;rgba(0,0,0,0.47)&#8221; global_colors_info=&#8221;{}&#8221;][\/et_pb_blog][\/et_pb_column][\/et_pb_row][\/et_pb_section]<\/p>\n","protected":false},"excerpt":{"rendered":"<p>News from K\u00d6HL energy s.\u00e0 r.l. POWER DISTRIBUTION SYSTEMSHere we would like to inform you about current topics and developments at K\u00d6HL s.\u00e0 r.l. and keep you up to date.You are welcome to contact us: phone: +352 71 99 71 \u2013 0 | email: info @koehl-sarl.eu |contact form<\/p>\n","protected":false},"author":1,"featured_media":0,"parent":0,"menu_order":0,"comment_status":"closed","ping_status":"closed","template":"","meta":{"_et_pb_use_builder":"on","_et_pb_old_content":"","_et_gb_content_width":"","footnotes":""},"class_list":["post-9066","page","type-page","status-publish","hentry"],"yoast_head":"<!-- This site is optimized with the Yoast SEO plugin v27.2 - https:\/\/yoast.com\/product\/yoast-seo-wordpress\/ -->\n<title>News from K\u00d6HL energy s.\u00e0 r.l. POWER DISTRIBUTION SYSTEMS<\/title>\n<meta name=\"description\" content=\"Here we would like to inform you about current topics and developments at K\u00d6HL s.\u00e0 r.l. and keep you up to date. You are welcome to contact us.\" \/>\n<meta name=\"robots\" content=\"index, follow, max-snippet:-1, max-image-preview:large, max-video-preview:-1\" \/>\n<link rel=\"canonical\" href=\"https:\/\/koehl.energy\/en\/news-and-new-developments-from-koehl-s-a-r-l-power-distribution-systems\" \/>\n<meta property=\"og:locale\" content=\"en_US\" \/>\n<meta property=\"og:type\" content=\"article\" \/>\n<meta property=\"og:title\" content=\"News from K\u00d6HL energy s.\u00e0 r.l. POWER DISTRIBUTION SYSTEMS\" \/>\n<meta property=\"og:description\" content=\"Here we would like to inform you about current topics and developments at K\u00d6HL s.\u00e0 r.l. and keep you up to date. You are welcome to contact us.\" \/>\n<meta property=\"og:url\" content=\"https:\/\/koehl.energy\/en\/news-and-new-developments-from-koehl-s-a-r-l-power-distribution-systems\" \/>\n<meta property=\"og:site_name\" content=\"K\u00d6HL energy s.\u00e0 r.l. POWER DISTRIBUTION SYSTEMS\" \/>\n<meta property=\"article:publisher\" content=\"https:\/\/www.facebook.com\/profile.php?id=100063907395570&amp;locale=de_DE\" \/>\n<meta property=\"article:modified_time\" content=\"2025-02-05T14:40:30+00:00\" \/>\n<meta name=\"twitter:card\" content=\"summary_large_image\" \/>\n<meta name=\"twitter:label1\" content=\"Est. reading time\" \/>\n\t<meta name=\"twitter:data1\" content=\"1 minute\" \/>\n<script type=\"application\/ld+json\" class=\"yoast-schema-graph\">{\"@context\":\"https:\/\/schema.org\",\"@graph\":[{\"@type\":\"WebPage\",\"@id\":\"https:\/\/koehl.energy\/en\/news-and-new-developments-from-koehl-s-a-r-l-power-distribution-systems\",\"url\":\"https:\/\/koehl.energy\/en\/news-and-new-developments-from-koehl-s-a-r-l-power-distribution-systems\",\"name\":\"News from K\u00d6HL energy s.\u00e0 r.l. POWER DISTRIBUTION SYSTEMS\",\"isPartOf\":{\"@id\":\"https:\/\/koehl.energy\/en#website\"},\"datePublished\":\"2024-05-03T09:01:08+00:00\",\"dateModified\":\"2025-02-05T14:40:30+00:00\",\"description\":\"Here we would like to inform you about current topics and developments at K\u00d6HL s.\u00e0 r.l. and keep you up to date. You are welcome to contact us.\",\"breadcrumb\":{\"@id\":\"https:\/\/koehl.energy\/en\/news-and-new-developments-from-koehl-s-a-r-l-power-distribution-systems#breadcrumb\"},\"inLanguage\":\"en-US\",\"potentialAction\":[{\"@type\":\"ReadAction\",\"target\":[\"https:\/\/koehl.energy\/en\/news-and-new-developments-from-koehl-s-a-r-l-power-distribution-systems\"]}]},{\"@type\":\"BreadcrumbList\",\"@id\":\"https:\/\/koehl.energy\/en\/news-and-new-developments-from-koehl-s-a-r-l-power-distribution-systems#breadcrumb\",\"itemListElement\":[{\"@type\":\"ListItem\",\"position\":1,\"name\":\"Startseite\",\"item\":\"https:\/\/koehl.energy\/en\/koehl-s-a-r-l-power-distribution-systems\"},{\"@type\":\"ListItem\",\"position\":2,\"name\":\"News and new developments from K\u00d6HL energy s.\u00e0 r.l. POWER DISTRIBUTION SYSTEMS\"}]},{\"@type\":\"WebSite\",\"@id\":\"https:\/\/koehl.energy\/en#website\",\"url\":\"https:\/\/koehl.energy\/en\",\"name\":\"K\u00d6HL energy s.\u00e0 r.l. POWER DISTRIBUTION SYSTEMS\",\"description\":\"Ihr Partner weltweit.\",\"publisher\":{\"@id\":\"https:\/\/koehl.energy\/en#organization\"},\"potentialAction\":[{\"@type\":\"SearchAction\",\"target\":{\"@type\":\"EntryPoint\",\"urlTemplate\":\"https:\/\/koehl.energy\/en?s={search_term_string}\"},\"query-input\":{\"@type\":\"PropertyValueSpecification\",\"valueRequired\":true,\"valueName\":\"search_term_string\"}}],\"inLanguage\":\"en-US\"},{\"@type\":\"Organization\",\"@id\":\"https:\/\/koehl.energy\/en#organization\",\"name\":\"K\u00d6HL energy s.\u00e0 r.l. POWER DISTRIBUTION SYSTEMS\",\"url\":\"https:\/\/koehl.energy\/en\",\"logo\":{\"@type\":\"ImageObject\",\"inLanguage\":\"en-US\",\"@id\":\"https:\/\/koehl.energy\/en#\/schema\/logo\/image\/\",\"url\":\"https:\/\/koehl.energy\/wp-content\/uploads\/2025\/06\/KOEHL-ENERGY-SARL-Logo-farbe-ohne-Schatten.png\",\"contentUrl\":\"https:\/\/koehl.energy\/wp-content\/uploads\/2025\/06\/KOEHL-ENERGY-SARL-Logo-farbe-ohne-Schatten.png\",\"width\":800,\"height\":208,\"caption\":\"K\u00d6HL energy s.\u00e0 r.l. POWER DISTRIBUTION SYSTEMS\"},\"image\":{\"@id\":\"https:\/\/koehl.energy\/en#\/schema\/logo\/image\/\"},\"sameAs\":[\"https:\/\/www.facebook.com\/profile.php?id=100063907395570&locale=de_DE\"]}]}<\/script>\n<!-- \/ Yoast SEO plugin. -->","yoast_head_json":{"title":"News from K\u00d6HL energy s.\u00e0 r.l. POWER DISTRIBUTION SYSTEMS","description":"Here we would like to inform you about current topics and developments at K\u00d6HL s.\u00e0 r.l. and keep you up to date. You are welcome to contact us.","robots":{"index":"index","follow":"follow","max-snippet":"max-snippet:-1","max-image-preview":"max-image-preview:large","max-video-preview":"max-video-preview:-1"},"canonical":"https:\/\/koehl.energy\/en\/news-and-new-developments-from-koehl-s-a-r-l-power-distribution-systems","og_locale":"en_US","og_type":"article","og_title":"News from K\u00d6HL energy s.\u00e0 r.l. POWER DISTRIBUTION SYSTEMS","og_description":"Here we would like to inform you about current topics and developments at K\u00d6HL s.\u00e0 r.l. and keep you up to date. You are welcome to contact us.","og_url":"https:\/\/koehl.energy\/en\/news-and-new-developments-from-koehl-s-a-r-l-power-distribution-systems","og_site_name":"K\u00d6HL energy s.\u00e0 r.l. POWER DISTRIBUTION SYSTEMS","article_publisher":"https:\/\/www.facebook.com\/profile.php?id=100063907395570&locale=de_DE","article_modified_time":"2025-02-05T14:40:30+00:00","twitter_card":"summary_large_image","twitter_misc":{"Est. reading time":"1 minute"},"schema":{"@context":"https:\/\/schema.org","@graph":[{"@type":"WebPage","@id":"https:\/\/koehl.energy\/en\/news-and-new-developments-from-koehl-s-a-r-l-power-distribution-systems","url":"https:\/\/koehl.energy\/en\/news-and-new-developments-from-koehl-s-a-r-l-power-distribution-systems","name":"News from K\u00d6HL energy s.\u00e0 r.l. POWER DISTRIBUTION SYSTEMS","isPartOf":{"@id":"https:\/\/koehl.energy\/en#website"},"datePublished":"2024-05-03T09:01:08+00:00","dateModified":"2025-02-05T14:40:30+00:00","description":"Here we would like to inform you about current topics and developments at K\u00d6HL s.\u00e0 r.l. and keep you up to date. You are welcome to contact us.","breadcrumb":{"@id":"https:\/\/koehl.energy\/en\/news-and-new-developments-from-koehl-s-a-r-l-power-distribution-systems#breadcrumb"},"inLanguage":"en-US","potentialAction":[{"@type":"ReadAction","target":["https:\/\/koehl.energy\/en\/news-and-new-developments-from-koehl-s-a-r-l-power-distribution-systems"]}]},{"@type":"BreadcrumbList","@id":"https:\/\/koehl.energy\/en\/news-and-new-developments-from-koehl-s-a-r-l-power-distribution-systems#breadcrumb","itemListElement":[{"@type":"ListItem","position":1,"name":"Startseite","item":"https:\/\/koehl.energy\/en\/koehl-s-a-r-l-power-distribution-systems"},{"@type":"ListItem","position":2,"name":"News and new developments from K\u00d6HL energy s.\u00e0 r.l. POWER DISTRIBUTION SYSTEMS"}]},{"@type":"WebSite","@id":"https:\/\/koehl.energy\/en#website","url":"https:\/\/koehl.energy\/en","name":"K\u00d6HL energy s.\u00e0 r.l. POWER DISTRIBUTION SYSTEMS","description":"Ihr Partner weltweit.","publisher":{"@id":"https:\/\/koehl.energy\/en#organization"},"potentialAction":[{"@type":"SearchAction","target":{"@type":"EntryPoint","urlTemplate":"https:\/\/koehl.energy\/en?s={search_term_string}"},"query-input":{"@type":"PropertyValueSpecification","valueRequired":true,"valueName":"search_term_string"}}],"inLanguage":"en-US"},{"@type":"Organization","@id":"https:\/\/koehl.energy\/en#organization","name":"K\u00d6HL energy s.\u00e0 r.l. POWER DISTRIBUTION SYSTEMS","url":"https:\/\/koehl.energy\/en","logo":{"@type":"ImageObject","inLanguage":"en-US","@id":"https:\/\/koehl.energy\/en#\/schema\/logo\/image\/","url":"https:\/\/koehl.energy\/wp-content\/uploads\/2025\/06\/KOEHL-ENERGY-SARL-Logo-farbe-ohne-Schatten.png","contentUrl":"https:\/\/koehl.energy\/wp-content\/uploads\/2025\/06\/KOEHL-ENERGY-SARL-Logo-farbe-ohne-Schatten.png","width":800,"height":208,"caption":"K\u00d6HL energy s.\u00e0 r.l. POWER DISTRIBUTION SYSTEMS"},"image":{"@id":"https:\/\/koehl.energy\/en#\/schema\/logo\/image\/"},"sameAs":["https:\/\/www.facebook.com\/profile.php?id=100063907395570&locale=de_DE"]}]}},"_links":{"self":[{"href":"https:\/\/koehl.energy\/en\/wp-json\/wp\/v2\/pages\/9066","targetHints":{"allow":["GET"]}}],"collection":[{"href":"https:\/\/koehl.energy\/en\/wp-json\/wp\/v2\/pages"}],"about":[{"href":"https:\/\/koehl.energy\/en\/wp-json\/wp\/v2\/types\/page"}],"author":[{"embeddable":true,"href":"https:\/\/koehl.energy\/en\/wp-json\/wp\/v2\/users\/1"}],"replies":[{"embeddable":true,"href":"https:\/\/koehl.energy\/en\/wp-json\/wp\/v2\/comments?post=9066"}],"version-history":[{"count":6,"href":"https:\/\/koehl.energy\/en\/wp-json\/wp\/v2\/pages\/9066\/revisions"}],"predecessor-version":[{"id":10805,"href":"https:\/\/koehl.energy\/en\/wp-json\/wp\/v2\/pages\/9066\/revisions\/10805"}],"wp:attachment":[{"href":"https:\/\/koehl.energy\/en\/wp-json\/wp\/v2\/media?parent=9066"}],"curies":[{"name":"wp","href":"https:\/\/api.w.org\/{rel}","templated":true}]}}