{"id":8888,"date":"2023-04-01T12:03:29","date_gmt":"2023-04-01T10:03:29","guid":{"rendered":"http:\/\/s952819088.online.de\/imprint"},"modified":"2024-06-05T12:35:19","modified_gmt":"2024-06-05T10:35:19","slug":"imprint","status":"publish","type":"page","link":"https:\/\/koehl.energy\/en\/imprint","title":{"rendered":"Imprint"},"content":{"rendered":"<p>[et_pb_section fb_built=&#8221;1&#8243; _builder_version=&#8221;4.21.0&#8243; _module_preset=&#8221;default&#8221; custom_margin=&#8221;0px||0px||true|false&#8221; custom_padding=&#8221;20px||6px||false|false&#8221; global_colors_info=&#8221;{}&#8221;][et_pb_row _builder_version=&#8221;4.20.0&#8243; _module_preset=&#8221;default&#8221; custom_margin=&#8221;|auto|1px|auto||&#8221; custom_padding=&#8221;||8px|||&#8221; global_colors_info=&#8221;{}&#8221;][et_pb_column type=&#8221;4_4&#8243; _builder_version=&#8221;4.20.0&#8243; _module_preset=&#8221;default&#8221; global_colors_info=&#8221;{}&#8221;][et_pb_text _builder_version=&#8221;4.21.0&#8243; _module_preset=&#8221;bd8d3130-daa1-43c1-9506-371b2db18ab7&#8243; text_font=&#8221;||||||||&#8221; header_font=&#8221;|600|||||||&#8221; header_text_align=&#8221;center&#8221; custom_margin=&#8221;||6px|||&#8221; global_colors_info=&#8221;{}&#8221;]<\/p>\n<h1>Imprint<\/h1>\n<p>[\/et_pb_text][et_pb_text _builder_version=&#8221;4.25.0&#8243; _module_preset=&#8221;bd8d3130-daa1-43c1-9506-371b2db18ab7&#8243; text_orientation=&#8221;center&#8221; custom_margin=&#8221;||9px|||&#8221; global_colors_info=&#8221;{}&#8221;]<\/p>\n<p><span>Here you can find the imprint of K\u00d6HL energy s.\u00e0 r.l. POWER DISTRIBUTION SYSTEMS. If you require further information, please do not hesitate to contact us via our <\/span><strong><a href=\"https:\/\/koehl.energy\/en\/contact\" title=\"You can find our contact form here\">contact form<\/a><\/strong> <span>!<\/span><\/p>\n<p>[\/et_pb_text][et_pb_code admin_label=&#8221;SUPRESS USERCENTRICS&#8221; _builder_version=&#8221;4.20.0&#8243; _module_preset=&#8221;default&#8221; global_module=&#8221;6962&#8243; global_colors_info=&#8221;{}&#8221;]<script type=\"application\/javascript\"> var UC_UI_SUPPRESS_CMP_DISPLAY=true;<\/script>[\/et_pb_code][\/et_pb_column][\/et_pb_row][\/et_pb_section][et_pb_section fb_built=&#8221;1&#8243; admin_label=&#8221;About&#8221; _builder_version=&#8221;4.16&#8243; background_enable_color=&#8221;off&#8221; custom_margin=&#8221;||||false|false&#8221; custom_padding=&#8221;3px||0px||false|false&#8221; global_colors_info=&#8221;{}&#8221;][et_pb_row _builder_version=&#8221;4.16&#8243; custom_margin=&#8221;|auto|12px|auto||&#8221; custom_padding=&#8221;9px||40px||false|false&#8221; animation_style=&#8221;fade&#8221; global_colors_info=&#8221;{}&#8221;][et_pb_column type=&#8221;4_4&#8243; _builder_version=&#8221;4.16&#8243; custom_padding=&#8221;|||&#8221; global_colors_info=&#8221;{}&#8221; custom_padding__hover=&#8221;|||&#8221;][et_pb_divider divider_weight=&#8221;2px&#8221; _builder_version=&#8221;4.25.0&#8243; _module_preset=&#8221;default&#8221; custom_margin=&#8221;||9px|||&#8221; global_colors_info=&#8221;{}&#8221;][\/et_pb_divider][et_pb_code _builder_version=&#8221;4.25.0&#8243; _module_preset=&#8221;default&#8221; custom_margin=&#8221;11px|||||&#8221; global_colors_info=&#8221;{}&#8221;]<div style=\"word-wrap: break-word;\">\n\n<p>K&Ouml;HL energy s.&agrave; r.l. POWER DISTRIBUTION SYSTEMS<br \/>\n17, Am Scheerleck<br \/>\nLuxemburg<br \/>\nL-6868 Wecker<\/p>\n\n<p>Handelsregister: R.C. B193834<br \/>\nRegistergericht: Registergericht: Registre de Commerce et des Societes<\/p>\n\n<p><strong>Vertreten durch:<\/strong><br \/>\nConseil d&rsquo;Administration: Dirk Wichterich, Daniel Reinhard<\/p>\n\n<h2>Kontakt<\/h2>\n<p>Telefon: +352 71 99 71 - 0<br \/>\nE-Mail: info@koehl.energy<\/p>\n\n<h2>Umsatzsteuer-ID<\/h2>\n<p>Umsatzsteuer-Identifikationsnummer gem&auml;&szlig; &sect; 27 a Umsatzsteuergesetz:<br \/>\nI.B.L.C LU 27507464 (TVA 2014 2473 497)<\/p>\n\n<h2>Redaktionell verantwortlich<\/h2>\n<p>K&Ouml;HL energy s.&agrave; r.l. POWER DISTRIBUTION SYSTEMS<br \/>\r\nPatrick Schneider<br \/>\r\nSales Power Distribution \/ V-I_PD<br \/>\r\nE-Mail: patrick.schneider@koehl.energy<br \/>\r\nTelefon: +352 71 99 71 - 0<\/p>\n\n<h2>EU-Streitschlichtung<\/h2>\n<p>Die Europ&auml;ische Kommission stellt eine Plattform zur Online-Streitbeilegung (OS) bereit: <a href=\"https:\/\/ec.europa.eu\/consumers\/odr\/\" target=\"_blank\" rel=\"noopener noreferrer\">https:\/\/ec.europa.eu\/consumers\/odr\/<\/a>.<br \/> Unsere E-Mail-Adresse finden Sie oben im Impressum.<\/p>\n\n<h2>Verbraucher&shy;streit&shy;beilegung\/Universal&shy;schlichtungs&shy;stelle<\/h2>\n<p>Wir sind nicht bereit oder verpflichtet, an Streitbeilegungsverfahren vor einer Verbraucherschlichtungsstelle teilzunehmen.<\/p><\/div>[\/et_pb_code][et_pb_divider divider_weight=&#8221;2px&#8221; _builder_version=&#8221;4.25.0&#8243; _module_preset=&#8221;default&#8221; custom_margin=&#8221;-5px||-1px|||&#8221; custom_padding=&#8221;5px||9px|||&#8221; global_colors_info=&#8221;{}&#8221;][\/et_pb_divider][et_pb_text _builder_version=&#8221;4.25.0&#8243; _module_preset=&#8221;default&#8221; header_2_font_size=&#8221;31px&#8221; custom_margin=&#8221;||6px|||&#8221; global_colors_info=&#8221;{}&#8221;]<\/p>\n<h2>Site Notice<\/h2>\n<p>[\/et_pb_text][et_pb_code _builder_version=&#8221;4.25.0&#8243; _module_preset=&#8221;default&#8221; custom_margin=&#8221;5px|||||&#8221; global_colors_info=&#8221;{}&#8221;]<div style=\"word-wrap: break-word;\">\n\n<p>K&Ouml;HL energy s.&agrave; r.l. POWER DISTRIBUTION SYSTEMS<br \/>\n17, Am Scheerleck<br \/>\nLuxemburg<br \/>\nL-6868 Wecker<\/p>\n\n<p>Commercial Register: R.C. B193834<br \/>\nRegistration court: Registergericht: Registre de Commerce et des Societes<\/p>\n\n<p><strong>Represented by:<\/strong><br \/>\nConseil d&rsquo;Administration: Dirk Wichterich, Daniel Reinhard<\/p>\n\n<h2>Contact<\/h2>\n<p>Phone: +352 71 99 71 - 0<br \/>\nE-mail: info@koehl.energy<\/p>\n\n<h2>VAT ID<\/h2>\n<p>Sales tax identification number according to Sect. 27 a of the Sales Tax Law:<br \/>\nI.B.L.C LU 27507464 (TVA 2014 2473 497)<\/p>\n\n<h2>Person responsible for editorial<\/h2>\n<p>K&Ouml;HL energy s.&agrave; r.l. POWER DISTRIBUTION SYSTEMS<br \/>\r\nPatrick Schneider<br \/>\r\nSales Power Distribution \/ V-I_PD<br \/>\r\nE-Mail: patrick.schneider@koehl.energy<br \/>\r\nTelefon: +352 71 99 71 - 0<\/p>\n\n<h2>EU dispute resolution<\/h2>\n<p>The European Commission provides a platform for online dispute resolution (ODR): <a href=\"https:\/\/ec.europa.eu\/consumers\/odr\/\" target=\"_blank\" rel=\"noopener noreferrer\">https:\/\/ec.europa.eu\/consumers\/odr\/<\/a>.<br \/> Our e-mail address can be found above in the site notice.<\/p>\n\n<h2>Dispute resolution proceedings in front of a consumer arbitration board<\/h2>\n<p>We are not willing or obliged to participate in dispute resolution proceedings in front of a consumer arbitration board.<\/p><\/div>[\/et_pb_code][\/et_pb_column][\/et_pb_row][et_pb_row _builder_version=&#8221;4.16&#8243; _module_preset=&#8221;default&#8221; custom_padding=&#8221;8px||49px|||&#8221; global_colors_info=&#8221;{}&#8221;][et_pb_column type=&#8221;4_4&#8243; _builder_version=&#8221;4.16&#8243; _module_preset=&#8221;default&#8221; global_colors_info=&#8221;{}&#8221;][et_pb_divider divider_weight=&#8221;2px&#8221; _builder_version=&#8221;4.25.0&#8243; _module_preset=&#8221;default&#8221; custom_margin=&#8221;-5px||-1px|||&#8221; custom_padding=&#8221;5px||9px|||&#8221; global_colors_info=&#8221;{}&#8221;][\/et_pb_divider][et_pb_text _builder_version=&#8221;4.25.1&#8243; _module_preset=&#8221;default&#8221; custom_margin=&#8221;||3px|||&#8221; hover_enabled=&#8221;0&#8243; global_colors_info=&#8221;{}&#8221; sticky_enabled=&#8221;0&#8243;]<\/p>\n<div class=\"et_pb_column et_pb_column_4_4 et_pb_column_1 et_pb_css_mix_blend_mode_passthrough et-last-child\">\n<div class=\"et_pb_module et_pb_text et_pb_text_0 et_pb_text_align_left et_pb_bg_layout_light\">\n<div class=\"et_pb_text_inner\">\n<h2>Image sources and rights \/ photo copyrights<\/h2>\n<\/div>\n<\/div>\n<\/div>\n<p>\u00a9K\u00d6HL energy s.\u00e0 r.l. POWER DISTRIBUTION SYSTEMS, \u00a9Bohl Design &amp; Kommunikation, \u00a9Gorodenkoff\/<a href=\"http:\/\/stock.adobe.com\/\" target=\"_blank\" rel=\"noopener noreferrer\">stock.adobe.com<\/a>, \u00a9Achim Banck\/<a href=\"http:\/\/stock.adobe.com\/\" target=\"_blank\" rel=\"noopener noreferrer\">stock.adobe.com<\/a>, \u00a9Joseph Maniquet\/<a href=\"http:\/\/stock.adobe.com\/\" target=\"_blank\" rel=\"noopener noreferrer\">stock.adobe.com<\/a>, \u00a9industrieblick\/<a href=\"http:\/\/stock.adobe.com\/\" target=\"_blank\" rel=\"noopener noreferrer\">stock.adobe.com<\/a>, \u00a9kiri\/<a href=\"http:\/\/stock.adobe.com\/\" target=\"_blank\" rel=\"noopener noreferrer\">stock.adobe.com<\/a>, \u00a9IM Imagery\/<a href=\"http:\/\/stock.adobe.com\/\" target=\"_blank\" rel=\"noopener noreferrer\">stock.adobe.com<\/a>, \u00a9eyetronic\/<a href=\"http:\/\/stock.adobe.com\/\" target=\"_blank\" rel=\"noopener noreferrer\">stock.adobe.com<\/a>, \u00a9Aaron Wheeler\/<a href=\"http:\/\/stock.adobe.com\/\" target=\"_blank\" rel=\"noopener noreferrer\">stock.adobe.com<\/a>, \u00a9Day Of Victory Stu.\/<a href=\"http:\/\/stock.adobe.com\/\" target=\"_blank\" rel=\"noopener noreferrer\">stock.adobe.com<\/a>, \u00a93dsculptor\/<a href=\"http:\/\/stock.adobe.com\/\" target=\"_blank\" rel=\"noopener noreferrer\">stock.adobe.com<\/a><\/p>\n<p>[\/et_pb_text][\/et_pb_column][\/et_pb_row][\/et_pb_section]<\/p>\n","protected":false},"excerpt":{"rendered":"<p>ImprintHere you can find the imprint of K\u00d6HL energy s.\u00e0 r.l. POWER DISTRIBUTION SYSTEMS. If you require further information, please do not hesitate to contact us via our contact form !<div style=\"word-wrap: break-word;\">\n\n<p>K&Ouml;HL energy s.&agrave; r.l. POWER DISTRIBUTION SYSTEMS<br \/>\n17, Am Scheerleck<br \/>\nLuxemburg<br \/>\nL-6868 Wecker<\/p>\n\n<p>Handelsregister: R.C. B193834<br \/>\nRegistergericht: Registergericht: Registre de Commerce et des Societes<\/p>\n\n<p><strong>Vertreten durch:<\/strong><br \/>\nConseil d&rsquo;Administration: Dirk Wichterich, Daniel Reinhard<\/p>\n\n<h2>Kontakt<\/h2>\n<p>Telefon: +352 71 99 71 - 0<br \/>\nE-Mail: info@koehl.energy<\/p>\n\n<h2>Umsatzsteuer-ID<\/h2>\n<p>Umsatzsteuer-Identifikationsnummer gem&auml;&szlig; &sect; 27 a Umsatzsteuergesetz:<br \/>\nI.B.L.C LU 27507464 (TVA 2014 2473 497)<\/p>\n\n<h2>Redaktionell verantwortlich<\/h2>\n<p>K&Ouml;HL energy s.&agrave; r.l. POWER DISTRIBUTION SYSTEMS<br \/>\r\nPatrick Schneider<br \/>\r\nSales Power Distribution \/ V-I_PD<br \/>\r\nE-Mail: patrick.schneider@koehl.energy<br \/>\r\nTelefon: +352 71 99 71 - 0<\/p>\n\n<h2>EU-Streitschlichtung<\/h2>\n<p>Die Europ&auml;ische Kommission stellt eine Plattform zur Online-Streitbeilegung (OS) bereit: <a href=\"https:\/\/ec.europa.eu\/consumers\/odr\/\" target=\"_blank\" rel=\"noopener noreferrer\">https:\/\/ec.europa.eu\/consumers\/odr\/<\/a>.<br \/> Unsere E-Mail-Adresse finden Sie oben im Impressum.<\/p>\n\n<h2>Verbraucher&shy;streit&shy;beilegung\/Universal&shy;schlichtungs&shy;stelle<\/h2>\n<p>Wir sind nicht bereit oder verpflichtet, an Streitbeilegungsverfahren vor einer Verbraucherschlichtungsstelle teilzunehmen.<\/p><\/div>Site Notice<div style=\"word-wrap: break-word;\">\n\n<p>K&Ouml;HL energy s.&agrave; r.l. POWER DISTRIBUTION SYSTEMS<br \/>\n17, Am Scheerleck<br \/>\nLuxemburg<br \/>\nL-6868 Wecker<\/p>\n\n<p>Commercial Register: R.C. B193834<br \/>\nRegistration court: Registergericht: Registre de Commerce et des Societes<\/p>\n\n<p><strong>Represented by:<\/strong><br \/>\nConseil d&rsquo;Administration: Dirk Wichterich, Daniel Reinhard<\/p>\n\n<h2>Contact<\/h2>\n<p>Phone: +352 71 99 71 - 0<br \/>\nE-mail: info@koehl.energy<\/p>\n\n<h2>VAT ID<\/h2>\n<p>Sales tax identification number according to Sect. 27 a of the Sales Tax Law:<br \/>\nI.B.L.C LU 27507464 (TVA 2014 2473 497)<\/p>\n\n<h2>Person responsible for editorial<\/h2>\n<p>K&Ouml;HL energy s.&agrave; r.l. POWER DISTRIBUTION SYSTEMS<br \/>\r\nPatrick Schneider<br \/>\r\nSales Power Distribution \/ V-I_PD<br \/>\r\nE-Mail: patrick.schneider@koehl.energy<br \/>\r\nTelefon: +352 71 99 71 - 0<\/p>\n\n<h2>EU dispute resolution<\/h2>\n<p>The European Commission provides a platform for online dispute resolution (ODR): <a href=\"https:\/\/ec.europa.eu\/consumers\/odr\/\" target=\"_blank\" rel=\"noopener noreferrer\">https:\/\/ec.europa.eu\/consumers\/odr\/<\/a>.<br \/> Our e-mail address can be found above in the site notice.<\/p>\n\n<h2>Dispute resolution proceedings in front of a consumer arbitration board<\/h2>\n<p>We are not willing or obliged to participate in dispute resolution proceedings in front of a consumer arbitration board.<\/p><\/div> Image sources and rights \/ photo copyrights \u00a9K\u00d6HL energy s.\u00e0 r.l. POWER DISTRIBUTION SYSTEMS, \u00a9Bohl Design &amp; [&hellip;]<\/p>\n","protected":false},"author":1,"featured_media":0,"parent":0,"menu_order":0,"comment_status":"closed","ping_status":"closed","template":"","meta":{"_et_pb_use_builder":"on","_et_pb_old_content":"","_et_gb_content_width":"","footnotes":""},"class_list":["post-8888","page","type-page","status-publish","hentry"],"yoast_head":"<!-- This site is optimized with the Yoast SEO plugin v27.2 - https:\/\/yoast.com\/product\/yoast-seo-wordpress\/ -->\n<title>Imprint - K\u00d6HL energy s.\u00e0 r.l. POWER DISTRIBUTION SYSTEMS<\/title>\n<meta name=\"description\" content=\"Here you will find the imprint of K\u00d6HL S.\u00e0 r.l. - Power Distribution Systems. Please contact us for further information.\" \/>\n<meta name=\"robots\" content=\"index, follow, max-snippet:-1, max-image-preview:large, max-video-preview:-1\" \/>\n<link rel=\"canonical\" href=\"https:\/\/koehl.energy\/en\/imprint\" \/>\n<meta property=\"og:locale\" content=\"en_US\" \/>\n<meta property=\"og:type\" content=\"article\" \/>\n<meta property=\"og:title\" content=\"Imprint - K\u00d6HL energy s.\u00e0 r.l. POWER DISTRIBUTION SYSTEMS\" \/>\n<meta property=\"og:description\" content=\"Here you will find the imprint of K\u00d6HL S.\u00e0 r.l. - Power Distribution Systems. Please contact us for further information.\" \/>\n<meta property=\"og:url\" content=\"https:\/\/koehl.energy\/en\/imprint\" \/>\n<meta property=\"og:site_name\" content=\"K\u00d6HL energy s.\u00e0 r.l. POWER DISTRIBUTION SYSTEMS\" \/>\n<meta property=\"article:publisher\" content=\"https:\/\/www.facebook.com\/profile.php?id=100063907395570&amp;locale=de_DE\" \/>\n<meta property=\"article:modified_time\" content=\"2024-06-05T10:35:19+00:00\" \/>\n<meta name=\"twitter:card\" content=\"summary_large_image\" \/>\n<meta name=\"twitter:label1\" content=\"Est. reading time\" \/>\n\t<meta name=\"twitter:data1\" content=\"3 minutes\" \/>\n<script type=\"application\/ld+json\" class=\"yoast-schema-graph\">{\"@context\":\"https:\/\/schema.org\",\"@graph\":[{\"@type\":\"WebPage\",\"@id\":\"https:\/\/koehl.energy\/en\/imprint\",\"url\":\"https:\/\/koehl.energy\/en\/imprint\",\"name\":\"Imprint - K\u00d6HL energy s.\u00e0 r.l. POWER DISTRIBUTION SYSTEMS\",\"isPartOf\":{\"@id\":\"https:\/\/koehl.energy\/en#website\"},\"datePublished\":\"2023-04-01T10:03:29+00:00\",\"dateModified\":\"2024-06-05T10:35:19+00:00\",\"description\":\"Here you will find the imprint of K\u00d6HL S.\u00e0 r.l. - Power Distribution Systems. Please contact us for further information.\",\"breadcrumb\":{\"@id\":\"https:\/\/koehl.energy\/en\/imprint#breadcrumb\"},\"inLanguage\":\"en-US\",\"potentialAction\":[{\"@type\":\"ReadAction\",\"target\":[\"https:\/\/koehl.energy\/en\/imprint\"]}]},{\"@type\":\"BreadcrumbList\",\"@id\":\"https:\/\/koehl.energy\/en\/imprint#breadcrumb\",\"itemListElement\":[{\"@type\":\"ListItem\",\"position\":1,\"name\":\"Startseite\",\"item\":\"https:\/\/koehl.energy\/en\/koehl-s-a-r-l-power-distribution-systems\"},{\"@type\":\"ListItem\",\"position\":2,\"name\":\"Imprint\"}]},{\"@type\":\"WebSite\",\"@id\":\"https:\/\/koehl.energy\/en#website\",\"url\":\"https:\/\/koehl.energy\/en\",\"name\":\"K\u00d6HL energy s.\u00e0 r.l. POWER DISTRIBUTION SYSTEMS\",\"description\":\"Ihr Partner weltweit.\",\"publisher\":{\"@id\":\"https:\/\/koehl.energy\/en#organization\"},\"potentialAction\":[{\"@type\":\"SearchAction\",\"target\":{\"@type\":\"EntryPoint\",\"urlTemplate\":\"https:\/\/koehl.energy\/en?s={search_term_string}\"},\"query-input\":{\"@type\":\"PropertyValueSpecification\",\"valueRequired\":true,\"valueName\":\"search_term_string\"}}],\"inLanguage\":\"en-US\"},{\"@type\":\"Organization\",\"@id\":\"https:\/\/koehl.energy\/en#organization\",\"name\":\"K\u00d6HL energy s.\u00e0 r.l. POWER DISTRIBUTION SYSTEMS\",\"url\":\"https:\/\/koehl.energy\/en\",\"logo\":{\"@type\":\"ImageObject\",\"inLanguage\":\"en-US\",\"@id\":\"https:\/\/koehl.energy\/en#\/schema\/logo\/image\/\",\"url\":\"https:\/\/koehl.energy\/wp-content\/uploads\/2025\/06\/KOEHL-ENERGY-SARL-Logo-farbe-ohne-Schatten.png\",\"contentUrl\":\"https:\/\/koehl.energy\/wp-content\/uploads\/2025\/06\/KOEHL-ENERGY-SARL-Logo-farbe-ohne-Schatten.png\",\"width\":800,\"height\":208,\"caption\":\"K\u00d6HL energy s.\u00e0 r.l. POWER DISTRIBUTION SYSTEMS\"},\"image\":{\"@id\":\"https:\/\/koehl.energy\/en#\/schema\/logo\/image\/\"},\"sameAs\":[\"https:\/\/www.facebook.com\/profile.php?id=100063907395570&locale=de_DE\"]}]}<\/script>\n<!-- \/ Yoast SEO plugin. -->","yoast_head_json":{"title":"Imprint - K\u00d6HL energy s.\u00e0 r.l. POWER DISTRIBUTION SYSTEMS","description":"Here you will find the imprint of K\u00d6HL S.\u00e0 r.l. - Power Distribution Systems. Please contact us for further information.","robots":{"index":"index","follow":"follow","max-snippet":"max-snippet:-1","max-image-preview":"max-image-preview:large","max-video-preview":"max-video-preview:-1"},"canonical":"https:\/\/koehl.energy\/en\/imprint","og_locale":"en_US","og_type":"article","og_title":"Imprint - K\u00d6HL energy s.\u00e0 r.l. POWER DISTRIBUTION SYSTEMS","og_description":"Here you will find the imprint of K\u00d6HL S.\u00e0 r.l. - Power Distribution Systems. Please contact us for further information.","og_url":"https:\/\/koehl.energy\/en\/imprint","og_site_name":"K\u00d6HL energy s.\u00e0 r.l. POWER DISTRIBUTION SYSTEMS","article_publisher":"https:\/\/www.facebook.com\/profile.php?id=100063907395570&locale=de_DE","article_modified_time":"2024-06-05T10:35:19+00:00","twitter_card":"summary_large_image","twitter_misc":{"Est. reading time":"3 minutes"},"schema":{"@context":"https:\/\/schema.org","@graph":[{"@type":"WebPage","@id":"https:\/\/koehl.energy\/en\/imprint","url":"https:\/\/koehl.energy\/en\/imprint","name":"Imprint - K\u00d6HL energy s.\u00e0 r.l. POWER DISTRIBUTION SYSTEMS","isPartOf":{"@id":"https:\/\/koehl.energy\/en#website"},"datePublished":"2023-04-01T10:03:29+00:00","dateModified":"2024-06-05T10:35:19+00:00","description":"Here you will find the imprint of K\u00d6HL S.\u00e0 r.l. - Power Distribution Systems. Please contact us for further information.","breadcrumb":{"@id":"https:\/\/koehl.energy\/en\/imprint#breadcrumb"},"inLanguage":"en-US","potentialAction":[{"@type":"ReadAction","target":["https:\/\/koehl.energy\/en\/imprint"]}]},{"@type":"BreadcrumbList","@id":"https:\/\/koehl.energy\/en\/imprint#breadcrumb","itemListElement":[{"@type":"ListItem","position":1,"name":"Startseite","item":"https:\/\/koehl.energy\/en\/koehl-s-a-r-l-power-distribution-systems"},{"@type":"ListItem","position":2,"name":"Imprint"}]},{"@type":"WebSite","@id":"https:\/\/koehl.energy\/en#website","url":"https:\/\/koehl.energy\/en","name":"K\u00d6HL energy s.\u00e0 r.l. POWER DISTRIBUTION SYSTEMS","description":"Ihr Partner weltweit.","publisher":{"@id":"https:\/\/koehl.energy\/en#organization"},"potentialAction":[{"@type":"SearchAction","target":{"@type":"EntryPoint","urlTemplate":"https:\/\/koehl.energy\/en?s={search_term_string}"},"query-input":{"@type":"PropertyValueSpecification","valueRequired":true,"valueName":"search_term_string"}}],"inLanguage":"en-US"},{"@type":"Organization","@id":"https:\/\/koehl.energy\/en#organization","name":"K\u00d6HL energy s.\u00e0 r.l. POWER DISTRIBUTION SYSTEMS","url":"https:\/\/koehl.energy\/en","logo":{"@type":"ImageObject","inLanguage":"en-US","@id":"https:\/\/koehl.energy\/en#\/schema\/logo\/image\/","url":"https:\/\/koehl.energy\/wp-content\/uploads\/2025\/06\/KOEHL-ENERGY-SARL-Logo-farbe-ohne-Schatten.png","contentUrl":"https:\/\/koehl.energy\/wp-content\/uploads\/2025\/06\/KOEHL-ENERGY-SARL-Logo-farbe-ohne-Schatten.png","width":800,"height":208,"caption":"K\u00d6HL energy s.\u00e0 r.l. POWER DISTRIBUTION SYSTEMS"},"image":{"@id":"https:\/\/koehl.energy\/en#\/schema\/logo\/image\/"},"sameAs":["https:\/\/www.facebook.com\/profile.php?id=100063907395570&locale=de_DE"]}]}},"_links":{"self":[{"href":"https:\/\/koehl.energy\/en\/wp-json\/wp\/v2\/pages\/8888","targetHints":{"allow":["GET"]}}],"collection":[{"href":"https:\/\/koehl.energy\/en\/wp-json\/wp\/v2\/pages"}],"about":[{"href":"https:\/\/koehl.energy\/en\/wp-json\/wp\/v2\/types\/page"}],"author":[{"embeddable":true,"href":"https:\/\/koehl.energy\/en\/wp-json\/wp\/v2\/users\/1"}],"replies":[{"embeddable":true,"href":"https:\/\/koehl.energy\/en\/wp-json\/wp\/v2\/comments?post=8888"}],"version-history":[{"count":4,"href":"https:\/\/koehl.energy\/en\/wp-json\/wp\/v2\/pages\/8888\/revisions"}],"predecessor-version":[{"id":9915,"href":"https:\/\/koehl.energy\/en\/wp-json\/wp\/v2\/pages\/8888\/revisions\/9915"}],"wp:attachment":[{"href":"https:\/\/koehl.energy\/en\/wp-json\/wp\/v2\/media?parent=8888"}],"curies":[{"name":"wp","href":"https:\/\/api.w.org\/{rel}","templated":true}]}}