{"id":8707,"date":"2023-07-24T16:54:05","date_gmt":"2023-07-24T14:54:05","guid":{"rendered":"http:\/\/s952819088.online.de\/data-centres"},"modified":"2024-05-07T14:33:26","modified_gmt":"2024-05-07T12:33:26","slug":"data-centres","status":"publish","type":"page","link":"https:\/\/koehl.energy\/en\/data-centres","title":{"rendered":"Data centres"},"content":{"rendered":"<p>[et_pb_section fb_built=&#8221;1&#8243; _builder_version=&#8221;4.21.0&#8243; _module_preset=&#8221;default&#8221; custom_margin=&#8221;0px||0px||true|false&#8221; custom_padding=&#8221;41px||20px||false|false&#8221; global_colors_info=&#8221;{}&#8221;][et_pb_row column_structure=&#8221;3_5,2_5&#8243; _builder_version=&#8221;4.20.0&#8243; _module_preset=&#8221;default&#8221; custom_margin=&#8221;|auto|8px|auto||&#8221; custom_padding=&#8221;10px||8px|||&#8221; global_colors_info=&#8221;{}&#8221;][et_pb_column type=&#8221;3_5&#8243; _builder_version=&#8221;4.20.0&#8243; _module_preset=&#8221;default&#8221; global_colors_info=&#8221;{}&#8221;][et_pb_text _builder_version=&#8221;4.24.0&#8243; _module_preset=&#8221;bd8d3130-daa1-43c1-9506-371b2db18ab7&#8243; global_colors_info=&#8221;{}&#8221;]<\/p>\n<h1>Data centres<\/h1>\n<p>Power distribution systems for data centres are crucial for the provision, monitoring and control of the electrical energy required for the operation of IT infrastructures. Data centres have specific power supply requirements, as they need to be highly available, energy-efficient and scalable in order to meet the constantly growing demand for computing power.<\/p>\n<p><strong>Redundancy and reliability:<\/strong> <br \/>Data centres require highly redundant power distribution systems in order to avoid failures. This includes the use of redundant power paths, emergency power generators (UPS) and automatic switching devices to maintain the power supply in the event of power failures.<\/p>\n<p><strong>Energy efficiency :<\/strong> <br \/>Modern power distribution systems for data centres are designed to be energy efficient and optimise power consumption. This can be achieved by using energy-efficient transformers, intelligent power distribution and efficient cooling technologies.<\/p>\n<p><strong>Monitoring and control: <\/strong> <br \/>The energy distribution systems are integrated with monitoring and control systems that continuously monitor energy consumption, power quality and the status of the power supply. Our systems enable proactive maintenance and rapid troubleshooting.<\/p>\n<p><strong>Scalability and flexibility: <\/strong> <br \/>All K\u00d6HL switchgear systems are scalable in order to react with maximum flexibility to the growth of the data centre.<\/p>\n<p>[\/et_pb_text][\/et_pb_column][et_pb_column type=&#8221;2_5&#8243; _builder_version=&#8221;4.20.0&#8243; _module_preset=&#8221;default&#8221; global_colors_info=&#8221;{}&#8221;][et_pb_image src=&#8221;https:\/\/koehl.energy\/wp-content\/uploads\/2023\/11\/KOEHL-power-distribution-Systems-Rechenzentren.jpg&#8221; alt=&#8221;Data centres | K\u00d6HL energy s.\u00e0 r.l. POWER DISTRIBUTION SYSTEMS&#8221; title_text=&#8221;Data centres | K\u00d6HL energy s.\u00e0 r.l. POWER DISTRIBUTION SYSTEMS&#8221; show_in_lightbox=&#8221;on&#8221; _builder_version=&#8221;4.24.0&#8243; _module_preset=&#8221;default&#8221; custom_margin=&#8221;15px|||||&#8221; box_shadow_style=&#8221;preset3&#8243; global_colors_info=&#8221;{}&#8221;][\/et_pb_image][et_pb_button button_url=&#8221;https:\/\/koehl.energy\/en\/contact&#8221; button_text=&#8221;Get in touch with us&#8221; button_alignment=&#8221;center&#8221; _builder_version=&#8221;4.23&#8243; _module_preset=&#8221;default&#8221; global_colors_info=&#8221;{}&#8221;][\/et_pb_button][\/et_pb_column][\/et_pb_row][\/et_pb_section]<\/p>\n","protected":false},"excerpt":{"rendered":"<p>Data centres Power distribution systems for data centres are crucial for the provision, monitoring and control of the electrical energy required for the operation of IT infrastructures. Data centres have specific power supply requirements, as they need to be highly available, energy-efficient and scalable in order to meet the constantly growing demand for computing power. [&hellip;]<\/p>\n","protected":false},"author":1,"featured_media":0,"parent":0,"menu_order":0,"comment_status":"closed","ping_status":"closed","template":"","meta":{"_et_pb_use_builder":"on","_et_pb_old_content":"","_et_gb_content_width":"","footnotes":""},"class_list":["post-8707","page","type-page","status-publish","hentry"],"yoast_head":"<!-- This site is optimized with the Yoast SEO plugin v27.2 - https:\/\/yoast.com\/product\/yoast-seo-wordpress\/ -->\n<title>Data centres - K\u00d6HL energy s.\u00e0 r.l. POWER DISTRIBUTION SYSTEMS<\/title>\n<meta name=\"description\" content=\"K\u00d6HL switchgear systems are crucial for the provision, monitoring and control of the electrical energy required for IT infrastructures.\" \/>\n<meta name=\"robots\" content=\"index, follow, max-snippet:-1, max-image-preview:large, max-video-preview:-1\" \/>\n<link rel=\"canonical\" href=\"https:\/\/koehl.energy\/en\/data-centres\" \/>\n<meta property=\"og:locale\" content=\"en_US\" \/>\n<meta property=\"og:type\" content=\"article\" \/>\n<meta property=\"og:title\" content=\"Data centres - K\u00d6HL energy s.\u00e0 r.l. POWER DISTRIBUTION SYSTEMS\" \/>\n<meta property=\"og:description\" content=\"K\u00d6HL switchgear systems are crucial for the provision, monitoring and control of the electrical energy required for IT infrastructures.\" \/>\n<meta property=\"og:url\" content=\"https:\/\/koehl.energy\/en\/data-centres\" \/>\n<meta property=\"og:site_name\" content=\"K\u00d6HL energy s.\u00e0 r.l. POWER DISTRIBUTION SYSTEMS\" \/>\n<meta property=\"article:publisher\" content=\"https:\/\/www.facebook.com\/profile.php?id=100063907395570&amp;locale=de_DE\" \/>\n<meta property=\"article:modified_time\" content=\"2024-05-07T12:33:26+00:00\" \/>\n<meta name=\"twitter:card\" content=\"summary_large_image\" \/>\n<meta name=\"twitter:label1\" content=\"Est. reading time\" \/>\n\t<meta name=\"twitter:data1\" content=\"2 minutes\" \/>\n<script type=\"application\/ld+json\" class=\"yoast-schema-graph\">{\"@context\":\"https:\/\/schema.org\",\"@graph\":[{\"@type\":\"WebPage\",\"@id\":\"https:\/\/koehl.energy\/en\/data-centres\",\"url\":\"https:\/\/koehl.energy\/en\/data-centres\",\"name\":\"Data centres - K\u00d6HL energy s.\u00e0 r.l. POWER DISTRIBUTION SYSTEMS\",\"isPartOf\":{\"@id\":\"https:\/\/koehl.energy\/en#website\"},\"datePublished\":\"2023-07-24T14:54:05+00:00\",\"dateModified\":\"2024-05-07T12:33:26+00:00\",\"description\":\"K\u00d6HL switchgear systems are crucial for the provision, monitoring and control of the electrical energy required for IT infrastructures.\",\"breadcrumb\":{\"@id\":\"https:\/\/koehl.energy\/en\/data-centres#breadcrumb\"},\"inLanguage\":\"en-US\",\"potentialAction\":[{\"@type\":\"ReadAction\",\"target\":[\"https:\/\/koehl.energy\/en\/data-centres\"]}]},{\"@type\":\"BreadcrumbList\",\"@id\":\"https:\/\/koehl.energy\/en\/data-centres#breadcrumb\",\"itemListElement\":[{\"@type\":\"ListItem\",\"position\":1,\"name\":\"Startseite\",\"item\":\"https:\/\/koehl.energy\/en\/koehl-s-a-r-l-power-distribution-systems\"},{\"@type\":\"ListItem\",\"position\":2,\"name\":\"Data centres\"}]},{\"@type\":\"WebSite\",\"@id\":\"https:\/\/koehl.energy\/en#website\",\"url\":\"https:\/\/koehl.energy\/en\",\"name\":\"K\u00d6HL energy s.\u00e0 r.l. POWER DISTRIBUTION SYSTEMS\",\"description\":\"Ihr Partner weltweit.\",\"publisher\":{\"@id\":\"https:\/\/koehl.energy\/en#organization\"},\"potentialAction\":[{\"@type\":\"SearchAction\",\"target\":{\"@type\":\"EntryPoint\",\"urlTemplate\":\"https:\/\/koehl.energy\/en?s={search_term_string}\"},\"query-input\":{\"@type\":\"PropertyValueSpecification\",\"valueRequired\":true,\"valueName\":\"search_term_string\"}}],\"inLanguage\":\"en-US\"},{\"@type\":\"Organization\",\"@id\":\"https:\/\/koehl.energy\/en#organization\",\"name\":\"K\u00d6HL energy s.\u00e0 r.l. POWER DISTRIBUTION SYSTEMS\",\"url\":\"https:\/\/koehl.energy\/en\",\"logo\":{\"@type\":\"ImageObject\",\"inLanguage\":\"en-US\",\"@id\":\"https:\/\/koehl.energy\/en#\/schema\/logo\/image\/\",\"url\":\"https:\/\/koehl.energy\/wp-content\/uploads\/2025\/06\/KOEHL-ENERGY-SARL-Logo-farbe-ohne-Schatten.png\",\"contentUrl\":\"https:\/\/koehl.energy\/wp-content\/uploads\/2025\/06\/KOEHL-ENERGY-SARL-Logo-farbe-ohne-Schatten.png\",\"width\":800,\"height\":208,\"caption\":\"K\u00d6HL energy s.\u00e0 r.l. POWER DISTRIBUTION SYSTEMS\"},\"image\":{\"@id\":\"https:\/\/koehl.energy\/en#\/schema\/logo\/image\/\"},\"sameAs\":[\"https:\/\/www.facebook.com\/profile.php?id=100063907395570&locale=de_DE\"]}]}<\/script>\n<!-- \/ Yoast SEO plugin. -->","yoast_head_json":{"title":"Data centres - K\u00d6HL energy s.\u00e0 r.l. POWER DISTRIBUTION SYSTEMS","description":"K\u00d6HL switchgear systems are crucial for the provision, monitoring and control of the electrical energy required for IT infrastructures.","robots":{"index":"index","follow":"follow","max-snippet":"max-snippet:-1","max-image-preview":"max-image-preview:large","max-video-preview":"max-video-preview:-1"},"canonical":"https:\/\/koehl.energy\/en\/data-centres","og_locale":"en_US","og_type":"article","og_title":"Data centres - K\u00d6HL energy s.\u00e0 r.l. POWER DISTRIBUTION SYSTEMS","og_description":"K\u00d6HL switchgear systems are crucial for the provision, monitoring and control of the electrical energy required for IT infrastructures.","og_url":"https:\/\/koehl.energy\/en\/data-centres","og_site_name":"K\u00d6HL energy s.\u00e0 r.l. POWER DISTRIBUTION SYSTEMS","article_publisher":"https:\/\/www.facebook.com\/profile.php?id=100063907395570&locale=de_DE","article_modified_time":"2024-05-07T12:33:26+00:00","twitter_card":"summary_large_image","twitter_misc":{"Est. reading time":"2 minutes"},"schema":{"@context":"https:\/\/schema.org","@graph":[{"@type":"WebPage","@id":"https:\/\/koehl.energy\/en\/data-centres","url":"https:\/\/koehl.energy\/en\/data-centres","name":"Data centres - K\u00d6HL energy s.\u00e0 r.l. POWER DISTRIBUTION SYSTEMS","isPartOf":{"@id":"https:\/\/koehl.energy\/en#website"},"datePublished":"2023-07-24T14:54:05+00:00","dateModified":"2024-05-07T12:33:26+00:00","description":"K\u00d6HL switchgear systems are crucial for the provision, monitoring and control of the electrical energy required for IT infrastructures.","breadcrumb":{"@id":"https:\/\/koehl.energy\/en\/data-centres#breadcrumb"},"inLanguage":"en-US","potentialAction":[{"@type":"ReadAction","target":["https:\/\/koehl.energy\/en\/data-centres"]}]},{"@type":"BreadcrumbList","@id":"https:\/\/koehl.energy\/en\/data-centres#breadcrumb","itemListElement":[{"@type":"ListItem","position":1,"name":"Startseite","item":"https:\/\/koehl.energy\/en\/koehl-s-a-r-l-power-distribution-systems"},{"@type":"ListItem","position":2,"name":"Data centres"}]},{"@type":"WebSite","@id":"https:\/\/koehl.energy\/en#website","url":"https:\/\/koehl.energy\/en","name":"K\u00d6HL energy s.\u00e0 r.l. POWER DISTRIBUTION SYSTEMS","description":"Ihr Partner weltweit.","publisher":{"@id":"https:\/\/koehl.energy\/en#organization"},"potentialAction":[{"@type":"SearchAction","target":{"@type":"EntryPoint","urlTemplate":"https:\/\/koehl.energy\/en?s={search_term_string}"},"query-input":{"@type":"PropertyValueSpecification","valueRequired":true,"valueName":"search_term_string"}}],"inLanguage":"en-US"},{"@type":"Organization","@id":"https:\/\/koehl.energy\/en#organization","name":"K\u00d6HL energy s.\u00e0 r.l. POWER DISTRIBUTION SYSTEMS","url":"https:\/\/koehl.energy\/en","logo":{"@type":"ImageObject","inLanguage":"en-US","@id":"https:\/\/koehl.energy\/en#\/schema\/logo\/image\/","url":"https:\/\/koehl.energy\/wp-content\/uploads\/2025\/06\/KOEHL-ENERGY-SARL-Logo-farbe-ohne-Schatten.png","contentUrl":"https:\/\/koehl.energy\/wp-content\/uploads\/2025\/06\/KOEHL-ENERGY-SARL-Logo-farbe-ohne-Schatten.png","width":800,"height":208,"caption":"K\u00d6HL energy s.\u00e0 r.l. POWER DISTRIBUTION SYSTEMS"},"image":{"@id":"https:\/\/koehl.energy\/en#\/schema\/logo\/image\/"},"sameAs":["https:\/\/www.facebook.com\/profile.php?id=100063907395570&locale=de_DE"]}]}},"_links":{"self":[{"href":"https:\/\/koehl.energy\/en\/wp-json\/wp\/v2\/pages\/8707","targetHints":{"allow":["GET"]}}],"collection":[{"href":"https:\/\/koehl.energy\/en\/wp-json\/wp\/v2\/pages"}],"about":[{"href":"https:\/\/koehl.energy\/en\/wp-json\/wp\/v2\/types\/page"}],"author":[{"embeddable":true,"href":"https:\/\/koehl.energy\/en\/wp-json\/wp\/v2\/users\/1"}],"replies":[{"embeddable":true,"href":"https:\/\/koehl.energy\/en\/wp-json\/wp\/v2\/comments?post=8707"}],"version-history":[{"count":0,"href":"https:\/\/koehl.energy\/en\/wp-json\/wp\/v2\/pages\/8707\/revisions"}],"wp:attachment":[{"href":"https:\/\/koehl.energy\/en\/wp-json\/wp\/v2\/media?parent=8707"}],"curies":[{"name":"wp","href":"https:\/\/api.w.org\/{rel}","templated":true}]}}