{"id":8698,"date":"2023-11-02T14:08:56","date_gmt":"2023-11-02T13:08:56","guid":{"rendered":"http:\/\/s952819088.online.de\/microelectronics"},"modified":"2024-05-03T09:40:57","modified_gmt":"2024-05-03T07:40:57","slug":"microelectronics","status":"publish","type":"page","link":"https:\/\/koehl.energy\/en\/microelectronics","title":{"rendered":"Microelectronics"},"content":{"rendered":"<p>[et_pb_section fb_built=&#8221;1&#8243; _builder_version=&#8221;4.21.0&#8243; _module_preset=&#8221;default&#8221; custom_margin=&#8221;0px||0px||true|false&#8221; custom_padding=&#8221;41px||20px||false|false&#8221; global_colors_info=&#8221;{}&#8221;][et_pb_row column_structure=&#8221;3_5,2_5&#8243; _builder_version=&#8221;4.20.0&#8243; _module_preset=&#8221;default&#8221; custom_margin=&#8221;|auto|8px|auto||&#8221; custom_padding=&#8221;10px||8px|||&#8221; global_colors_info=&#8221;{}&#8221;][et_pb_column type=&#8221;3_5&#8243; _builder_version=&#8221;4.20.0&#8243; _module_preset=&#8221;default&#8221; global_colors_info=&#8221;{}&#8221;][et_pb_text _builder_version=&#8221;4.24.0&#8243; _module_preset=&#8221;bd8d3130-daa1-43c1-9506-371b2db18ab7&#8243; global_colors_info=&#8221;{}&#8221;]<\/p>\n<h1>Microelectronics<\/h1>\n<div class=\"flex flex-grow flex-col max-w-full\">\n<div data-message-author-role=\"assistant\" data-message-id=\"9230a3fa-0580-481d-9c2b-1eb636fad4e1\" dir=\"auto\" class=\"min-h-[20px] text-message flex flex-col items-start gap-3 whitespace-pre-wrap break-words [.text-message+&amp;]:mt-5 overflow-x-auto\">\n<div class=\"markdown prose w-full break-words dark:prose-invert light\">\n<p>Our switchgear systems must meet the highest standards of reliability, stability and cleanliness, as even the smallest electrical faults can affect the sensitive processes in semiconductor production.<\/p>\n<p><strong>Power quality and filtering: <\/strong> <br \/>The quality of electrical energy is of crucial importance in semiconductor production. The power distribution systems must therefore be equipped with filters and stabilisers to minimise voltage fluctuations, interference and electrical noise.<\/p>\n<p><strong><\/strong><strong>Cleanliness and EMC aspects: <\/strong><br \/>Semiconductor production facilities require a clean environment with minimal electromagnetic interference (EMI). Our focus here is on appropriate components for controlling energy quality.<\/p>\n<p>&nbsp;<\/p>\n<p>The planning, installation and maintenance of power distribution systems in the semiconductor industry requires expertise in electrical engineering, power supply engineering and semiconductor technology. Our engineers and technicians working in this field need to understand both the basic electrical principles and the specific requirements of semiconductor production in order to ensure a reliable and efficient power supply.<\/p>\n<\/div>\n<\/div>\n<\/div>\n<p>&nbsp;<\/p>\n<p>[\/et_pb_text][\/et_pb_column][et_pb_column type=&#8221;2_5&#8243; _builder_version=&#8221;4.20.0&#8243; _module_preset=&#8221;default&#8221; global_colors_info=&#8221;{}&#8221;][et_pb_image src=&#8221;https:\/\/koehl.energy\/wp-content\/uploads\/2023\/11\/KOEHL-power-distribution-Systems-Mikroelektronik.jpg&#8221; alt=&#8221;Microelectronics | K\u00d6HL power distribution S.\u00e0 r.l.&#8221; title_text=&#8221;Microelectronics | K\u00d6HL power distribution S.\u00e0 r.l.&#8221; show_in_lightbox=&#8221;on&#8221; _builder_version=&#8221;4.23&#8243; _module_preset=&#8221;default&#8221; custom_margin=&#8221;15px|||||&#8221; box_shadow_style=&#8221;preset3&#8243; global_colors_info=&#8221;{}&#8221;][\/et_pb_image][et_pb_button button_url=&#8221;https:\/\/koehl.energy\/en\/contact&#8221; button_text=&#8221;Get in touch with us&#8221; button_alignment=&#8221;center&#8221; _builder_version=&#8221;4.23&#8243; _module_preset=&#8221;default&#8221; global_colors_info=&#8221;{}&#8221;][\/et_pb_button][\/et_pb_column][\/et_pb_row][\/et_pb_section]<\/p>\n","protected":false},"excerpt":{"rendered":"<p>Microelectronics Our switchgear systems must meet the highest standards of reliability, stability and cleanliness, as even the smallest electrical faults can affect the sensitive processes in semiconductor production. Power quality and filtering: The quality of electrical energy is of crucial importance in semiconductor production. The power distribution systems must therefore be equipped with filters and [&hellip;]<\/p>\n","protected":false},"author":1,"featured_media":0,"parent":0,"menu_order":0,"comment_status":"closed","ping_status":"closed","template":"","meta":{"_et_pb_use_builder":"on","_et_pb_old_content":"","_et_gb_content_width":"","footnotes":""},"class_list":["post-8698","page","type-page","status-publish","hentry"],"yoast_head":"<!-- This site is optimized with the Yoast SEO plugin v27.2 - https:\/\/yoast.com\/product\/yoast-seo-wordpress\/ -->\n<title>Microelectronics - K\u00d6HL energy s.\u00e0 r.l. POWER DISTRIBUTION SYSTEMS<\/title>\n<meta name=\"description\" content=\"The highest demands on safety and availability play an essential role in the microelectronics industry.\" \/>\n<meta name=\"robots\" content=\"index, follow, max-snippet:-1, max-image-preview:large, max-video-preview:-1\" \/>\n<link rel=\"canonical\" href=\"https:\/\/koehl.energy\/en\/microelectronics\" \/>\n<meta property=\"og:locale\" content=\"en_US\" \/>\n<meta property=\"og:type\" content=\"article\" \/>\n<meta property=\"og:title\" content=\"Microelectronics - K\u00d6HL energy s.\u00e0 r.l. POWER DISTRIBUTION SYSTEMS\" \/>\n<meta property=\"og:description\" content=\"The highest demands on safety and availability play an essential role in the microelectronics industry.\" \/>\n<meta property=\"og:url\" content=\"https:\/\/koehl.energy\/en\/microelectronics\" \/>\n<meta property=\"og:site_name\" content=\"K\u00d6HL energy s.\u00e0 r.l. POWER DISTRIBUTION SYSTEMS\" \/>\n<meta property=\"article:publisher\" content=\"https:\/\/www.facebook.com\/profile.php?id=100063907395570&amp;locale=de_DE\" \/>\n<meta property=\"article:modified_time\" content=\"2024-05-03T07:40:57+00:00\" \/>\n<meta name=\"twitter:card\" content=\"summary_large_image\" \/>\n<meta name=\"twitter:label1\" content=\"Est. reading time\" \/>\n\t<meta name=\"twitter:data1\" content=\"2 minutes\" \/>\n<script type=\"application\/ld+json\" class=\"yoast-schema-graph\">{\"@context\":\"https:\/\/schema.org\",\"@graph\":[{\"@type\":\"WebPage\",\"@id\":\"https:\/\/koehl.energy\/en\/microelectronics\",\"url\":\"https:\/\/koehl.energy\/en\/microelectronics\",\"name\":\"Microelectronics - K\u00d6HL energy s.\u00e0 r.l. POWER DISTRIBUTION SYSTEMS\",\"isPartOf\":{\"@id\":\"https:\/\/koehl.energy\/en#website\"},\"datePublished\":\"2023-11-02T13:08:56+00:00\",\"dateModified\":\"2024-05-03T07:40:57+00:00\",\"description\":\"The highest demands on safety and availability play an essential role in the microelectronics industry.\",\"breadcrumb\":{\"@id\":\"https:\/\/koehl.energy\/en\/microelectronics#breadcrumb\"},\"inLanguage\":\"en-US\",\"potentialAction\":[{\"@type\":\"ReadAction\",\"target\":[\"https:\/\/koehl.energy\/en\/microelectronics\"]}]},{\"@type\":\"BreadcrumbList\",\"@id\":\"https:\/\/koehl.energy\/en\/microelectronics#breadcrumb\",\"itemListElement\":[{\"@type\":\"ListItem\",\"position\":1,\"name\":\"Startseite\",\"item\":\"https:\/\/koehl.energy\/en\/koehl-s-a-r-l-power-distribution-systems\"},{\"@type\":\"ListItem\",\"position\":2,\"name\":\"Microelectronics\"}]},{\"@type\":\"WebSite\",\"@id\":\"https:\/\/koehl.energy\/en#website\",\"url\":\"https:\/\/koehl.energy\/en\",\"name\":\"K\u00d6HL energy s.\u00e0 r.l. POWER DISTRIBUTION SYSTEMS\",\"description\":\"Ihr Partner weltweit.\",\"publisher\":{\"@id\":\"https:\/\/koehl.energy\/en#organization\"},\"potentialAction\":[{\"@type\":\"SearchAction\",\"target\":{\"@type\":\"EntryPoint\",\"urlTemplate\":\"https:\/\/koehl.energy\/en?s={search_term_string}\"},\"query-input\":{\"@type\":\"PropertyValueSpecification\",\"valueRequired\":true,\"valueName\":\"search_term_string\"}}],\"inLanguage\":\"en-US\"},{\"@type\":\"Organization\",\"@id\":\"https:\/\/koehl.energy\/en#organization\",\"name\":\"K\u00d6HL energy s.\u00e0 r.l. POWER DISTRIBUTION SYSTEMS\",\"url\":\"https:\/\/koehl.energy\/en\",\"logo\":{\"@type\":\"ImageObject\",\"inLanguage\":\"en-US\",\"@id\":\"https:\/\/koehl.energy\/en#\/schema\/logo\/image\/\",\"url\":\"https:\/\/koehl.energy\/wp-content\/uploads\/2025\/06\/KOEHL-ENERGY-SARL-Logo-farbe-ohne-Schatten.png\",\"contentUrl\":\"https:\/\/koehl.energy\/wp-content\/uploads\/2025\/06\/KOEHL-ENERGY-SARL-Logo-farbe-ohne-Schatten.png\",\"width\":800,\"height\":208,\"caption\":\"K\u00d6HL energy s.\u00e0 r.l. POWER DISTRIBUTION SYSTEMS\"},\"image\":{\"@id\":\"https:\/\/koehl.energy\/en#\/schema\/logo\/image\/\"},\"sameAs\":[\"https:\/\/www.facebook.com\/profile.php?id=100063907395570&locale=de_DE\"]}]}<\/script>\n<!-- \/ Yoast SEO plugin. -->","yoast_head_json":{"title":"Microelectronics - K\u00d6HL energy s.\u00e0 r.l. POWER DISTRIBUTION SYSTEMS","description":"The highest demands on safety and availability play an essential role in the microelectronics industry.","robots":{"index":"index","follow":"follow","max-snippet":"max-snippet:-1","max-image-preview":"max-image-preview:large","max-video-preview":"max-video-preview:-1"},"canonical":"https:\/\/koehl.energy\/en\/microelectronics","og_locale":"en_US","og_type":"article","og_title":"Microelectronics - K\u00d6HL energy s.\u00e0 r.l. POWER DISTRIBUTION SYSTEMS","og_description":"The highest demands on safety and availability play an essential role in the microelectronics industry.","og_url":"https:\/\/koehl.energy\/en\/microelectronics","og_site_name":"K\u00d6HL energy s.\u00e0 r.l. POWER DISTRIBUTION SYSTEMS","article_publisher":"https:\/\/www.facebook.com\/profile.php?id=100063907395570&locale=de_DE","article_modified_time":"2024-05-03T07:40:57+00:00","twitter_card":"summary_large_image","twitter_misc":{"Est. reading time":"2 minutes"},"schema":{"@context":"https:\/\/schema.org","@graph":[{"@type":"WebPage","@id":"https:\/\/koehl.energy\/en\/microelectronics","url":"https:\/\/koehl.energy\/en\/microelectronics","name":"Microelectronics - K\u00d6HL energy s.\u00e0 r.l. POWER DISTRIBUTION SYSTEMS","isPartOf":{"@id":"https:\/\/koehl.energy\/en#website"},"datePublished":"2023-11-02T13:08:56+00:00","dateModified":"2024-05-03T07:40:57+00:00","description":"The highest demands on safety and availability play an essential role in the microelectronics industry.","breadcrumb":{"@id":"https:\/\/koehl.energy\/en\/microelectronics#breadcrumb"},"inLanguage":"en-US","potentialAction":[{"@type":"ReadAction","target":["https:\/\/koehl.energy\/en\/microelectronics"]}]},{"@type":"BreadcrumbList","@id":"https:\/\/koehl.energy\/en\/microelectronics#breadcrumb","itemListElement":[{"@type":"ListItem","position":1,"name":"Startseite","item":"https:\/\/koehl.energy\/en\/koehl-s-a-r-l-power-distribution-systems"},{"@type":"ListItem","position":2,"name":"Microelectronics"}]},{"@type":"WebSite","@id":"https:\/\/koehl.energy\/en#website","url":"https:\/\/koehl.energy\/en","name":"K\u00d6HL energy s.\u00e0 r.l. POWER DISTRIBUTION SYSTEMS","description":"Ihr Partner weltweit.","publisher":{"@id":"https:\/\/koehl.energy\/en#organization"},"potentialAction":[{"@type":"SearchAction","target":{"@type":"EntryPoint","urlTemplate":"https:\/\/koehl.energy\/en?s={search_term_string}"},"query-input":{"@type":"PropertyValueSpecification","valueRequired":true,"valueName":"search_term_string"}}],"inLanguage":"en-US"},{"@type":"Organization","@id":"https:\/\/koehl.energy\/en#organization","name":"K\u00d6HL energy s.\u00e0 r.l. POWER DISTRIBUTION SYSTEMS","url":"https:\/\/koehl.energy\/en","logo":{"@type":"ImageObject","inLanguage":"en-US","@id":"https:\/\/koehl.energy\/en#\/schema\/logo\/image\/","url":"https:\/\/koehl.energy\/wp-content\/uploads\/2025\/06\/KOEHL-ENERGY-SARL-Logo-farbe-ohne-Schatten.png","contentUrl":"https:\/\/koehl.energy\/wp-content\/uploads\/2025\/06\/KOEHL-ENERGY-SARL-Logo-farbe-ohne-Schatten.png","width":800,"height":208,"caption":"K\u00d6HL energy s.\u00e0 r.l. POWER DISTRIBUTION SYSTEMS"},"image":{"@id":"https:\/\/koehl.energy\/en#\/schema\/logo\/image\/"},"sameAs":["https:\/\/www.facebook.com\/profile.php?id=100063907395570&locale=de_DE"]}]}},"_links":{"self":[{"href":"https:\/\/koehl.energy\/en\/wp-json\/wp\/v2\/pages\/8698","targetHints":{"allow":["GET"]}}],"collection":[{"href":"https:\/\/koehl.energy\/en\/wp-json\/wp\/v2\/pages"}],"about":[{"href":"https:\/\/koehl.energy\/en\/wp-json\/wp\/v2\/types\/page"}],"author":[{"embeddable":true,"href":"https:\/\/koehl.energy\/en\/wp-json\/wp\/v2\/users\/1"}],"replies":[{"embeddable":true,"href":"https:\/\/koehl.energy\/en\/wp-json\/wp\/v2\/comments?post=8698"}],"version-history":[{"count":0,"href":"https:\/\/koehl.energy\/en\/wp-json\/wp\/v2\/pages\/8698\/revisions"}],"wp:attachment":[{"href":"https:\/\/koehl.energy\/en\/wp-json\/wp\/v2\/media?parent=8698"}],"curies":[{"name":"wp","href":"https:\/\/api.w.org\/{rel}","templated":true}]}}