{"id":8693,"date":"2023-04-03T11:41:18","date_gmt":"2023-04-03T09:41:18","guid":{"rendered":"http:\/\/s952819088.online.de\/contact"},"modified":"2026-03-26T12:10:26","modified_gmt":"2026-03-26T11:10:26","slug":"contact","status":"publish","type":"page","link":"https:\/\/koehl.energy\/en\/contact","title":{"rendered":"Contact"},"content":{"rendered":"<p>[et_pb_section fb_built=&#8221;1&#8243; _builder_version=&#8221;4.21.0&#8243; _module_preset=&#8221;default&#8221; custom_margin=&#8221;0px||0px||true|false&#8221; custom_padding=&#8221;20px||20px||false|false&#8221; global_colors_info=&#8221;{}&#8221;][et_pb_row _builder_version=&#8221;4.20.0&#8243; _module_preset=&#8221;default&#8221; custom_margin=&#8221;|auto|8px|auto||&#8221; custom_padding=&#8221;||8px|||&#8221; global_colors_info=&#8221;{}&#8221;][et_pb_column type=&#8221;4_4&#8243; _builder_version=&#8221;4.20.0&#8243; _module_preset=&#8221;default&#8221; global_colors_info=&#8221;{}&#8221;][et_pb_text _builder_version=&#8221;4.24.0&#8243; _module_preset=&#8221;bd8d3130-daa1-43c1-9506-371b2db18ab7&#8243; text_font=&#8221;||||||||&#8221; header_font=&#8221;|600|||||||&#8221; header_text_align=&#8221;center&#8221; custom_margin=&#8221;||6px|||&#8221; global_colors_info=&#8221;{}&#8221;]<\/p>\n<h1>Please get in contact with us<\/h1>\n<p>[\/et_pb_text][et_pb_text _builder_version=&#8221;4.24.0&#8243; _module_preset=&#8221;bd8d3130-daa1-43c1-9506-371b2db18ab7&#8243; text_orientation=&#8221;center&#8221; custom_margin=&#8221;||9px|||&#8221; global_colors_info=&#8221;{}&#8221;]<\/p>\n<p><span>Do you have any questions, comments or suggestions? Please use our online form. If you do not receive a reply from us within two days, please contact us by telephone.<\/span><\/p>\n<p>&nbsp;<\/p>\n<p>[\/et_pb_text][\/et_pb_column][\/et_pb_row][et_pb_row column_structure=&#8221;2_3,1_3&#8243; _builder_version=&#8221;4.21.0&#8243; _module_preset=&#8221;default&#8221; global_colors_info=&#8221;{}&#8221;][et_pb_column type=&#8221;2_3&#8243; _builder_version=&#8221;4.21.0&#8243; _module_preset=&#8221;default&#8221; global_colors_info=&#8221;{}&#8221;][et_pb_contact_form email=&#8221;info@koehl-sarl.eu&#8221; custom_message=&#8221;||et_pb_line_break_holder||Kontaktanfrage \u00fcber K\u00d6HL Website-Kontaktformular: ||et_pb_line_break_holder||||et_pb_line_break_holder||Unternehmen: %%unternehmen%%||et_pb_line_break_holder||||et_pb_line_break_holder||Name, Vorname: %%namevorname%%||et_pb_line_break_holder||||et_pb_line_break_holder||E-Mail: %%email%%||et_pb_line_break_holder||||et_pb_line_break_holder||__________||et_pb_line_break_holder||||et_pb_line_break_holder||Folgende Mitteilung wurde gesendet:||et_pb_line_break_holder||||et_pb_line_break_holder||%%nachricht%%||et_pb_line_break_holder||||et_pb_line_break_holder||__________||et_pb_line_break_holder||||et_pb_line_break_holder||||et_pb_line_break_holder||Den Datenschutzbestimmungen wurde zugestimmt:||et_pb_line_break_holder||||et_pb_line_break_holder||%%datenschutz%%&#8221; success_message=&#8221;&lt;p style=&quot;%22text-align:&quot; center=&quot;&quot;&gt;Thank you very much for your interest! We will contact you as soon as possible. If you do not hear back from us within 2 working days, please write to us directly at info(a)koehl-sarl.eu.&lt;\/p&gt;&#8221; submit_button_text=&#8221;Send enquiry&#8221; module_id=&#8221;kontaktformular&#8221; _builder_version=&#8221;4.26.0&#8243; _unique_id=&#8221;08477fa8-99a9-44f6-a5b3-aa81721f33a6&#8243; form_field_text_color=&#8221;#2D4451&#8243; captcha_font_size=&#8221;22px&#8221; captcha_letter_spacing=&#8221;1px&#8221; form_field_font=&#8221;||||||||&#8221; form_field_font_size=&#8221;16px&#8221; custom_button=&#8221;on&#8221; button_text_size=&#8221;17px&#8221; button_text_color=&#8221;#FFFFFF&#8221; button_bg_color=&#8221;#2D4451&#8243; button_border_width=&#8221;0px&#8221; button_border_radius=&#8221;0px&#8221; button_letter_spacing=&#8221;1px&#8221; button_font=&#8221;|||on|||||&#8221; button_icon=&#8221;&#xf0e0;||fa||900&#8243; button_custom_margin=&#8221;3px||3px||true|false&#8221; button_custom_padding=&#8221;||||false|false&#8221; custom_margin=&#8221;||||false|false&#8221; custom_padding=&#8221;||||false|false&#8221; admin_email_subject=&#8221;Allgemeine Kontaktanfrage&#8221; admin_email_from_name=&#8221;K\u00d6HL energy s.\u00e0 r.l. POWER DISTRIBUTION SYSTEMS&#8221; save_entries_to_db=&#8221;off&#8221; send_files_as_attachment=&#8221;off&#8221; use_confirmation_email=&#8221;on&#8221; confirmation_email_field_id=&#8221;email&#8221; confirmation_email_subject=&#8221;Wir haben Ihre Nachricht erhalten.&#8221; confirmation_email_from_name=&#8221;K\u00d6HL energy s.\u00e0 r.l. POWER DISTRIBUTION SYSTEMS&#8221; confirmation_email_from=&#8221;noreply@koehl-sarl.eu&#8221; confirmation_email_message=&#8221;Vielen herzlichen Dank f\u00fcr Ihr Interesse! <\/p>\n<p>Ihre Nachricht wurde an uns \u00fcbermittelt. Wir kontaktieren Sie so bald wie m\u00f6glich. Sollten Sie innerhalb von 2 Werktagen keine R\u00fcckmeldung von uns erhalten, bitten wir Sie, uns direkt \u00fcber die info(a)koehl-sarl.eu anzuschreiben.<\/p>\n<p>______________________<\/p>\n<p>Ihre \u00fcbermittelte Daten:<\/p>\n<p>Unternehmen: %%unternehmen%%<\/p>\n<p>Name, Vorname: %%namevorname%%<\/p>\n<p>E-Mail: %%email%%<\/p>\n<p>__________<\/p>\n<p>Nachricht, sonstige Mitteilung: <\/p>\n<p>%%nachricht%%<\/p>\n<p>__________<\/p>\n<p>Den Datenschutzbestimmungen wurde zugestimmt:<\/p>\n<p>%%datenschutz%%<\/p>\n<p>&#8221; success_message_font_size=&#8221;15px&#8221; success_message_lineheight=&#8221;1.3em&#8221; success_message_alignment=&#8221;center&#8221; contact_message_location=&#8221;bottom&#8221; box_shadow_style_button=&#8221;preset3&#8243; global_module=&#8221;7383&#8243; saved_tabs=&#8221;all&#8221; global_colors_info=&#8221;{}&#8221;][et_pb_contact_field field_id=&#8221;unternehmen&#8221; field_title=&#8221;Company&#8221; required_mark=&#8221;off&#8221; fullwidth_field=&#8221;on&#8221; _builder_version=&#8221;4.22.1&#8243; global_colors_info=&#8221;{}&#8221;][\/et_pb_contact_field][et_pb_contact_field field_id=&#8221;namevorname&#8221; field_title=&#8221;Surname, first name&#8221; fullwidth_field=&#8221;on&#8221; _builder_version=&#8221;4.25.0&#8243; global_colors_info=&#8221;{}&#8221;][\/et_pb_contact_field][et_pb_contact_field field_id=&#8221;email&#8221; field_title=&#8221;E-mail address&#8221; field_type=&#8221;email&#8221; fullwidth_field=&#8221;on&#8221; _builder_version=&#8221;4.25.0&#8243; global_colors_info=&#8221;{}&#8221;][\/et_pb_contact_field][et_pb_contact_field field_id=&#8221;nachricht&#8221; field_title=&#8221;Your message&#8221; field_type=&#8221;text&#8221; fullwidth_field=&#8221;on&#8221; _builder_version=&#8221;4.25.0&#8243; global_colors_info=&#8221;{}&#8221;][\/et_pb_contact_field][et_pb_contact_field field_id=&#8221;datenschutz&#8221; field_title=&#8221;Your consent to our privacy policy is required! &#8221; field_type=&#8221;checkbox&#8221; checkbox_options=&#8221;%91{%22value%22:%22I agree that my details from the contact form may be collected and processed to answer my enquiry. The data will be deleted after your enquiry has been processed. Note: You can revoke your consent at any time for the future by sending an e-mail to infokoehl-sarl.eu . Detailed information on the handling of user data can be found in our privacy policy on our website. %22,%22checked%22:0,%22dragID%22:-1,%22link_text%22:%22(Privacy policy)%22,%22link_url%22:%22https:%92\/%92\/koehl.energy%92\/datenschutzerklaerung%22}%93&#8243; fullwidth_field=&#8221;on&#8221; _builder_version=&#8221;4.25.0&#8243; form_field_font_size=&#8221;15px&#8221; global_colors_info=&#8221;{}&#8221;][\/et_pb_contact_field][\/et_pb_contact_form][\/et_pb_column][et_pb_column type=&#8221;1_3&#8243; _builder_version=&#8221;4.21.0&#8243; _module_preset=&#8221;default&#8221; global_colors_info=&#8221;{}&#8221;][et_pb_text _builder_version=&#8221;4.27.6&#8243; _module_preset=&#8221;default&#8221; background_color=&#8221;#FFFFFF&#8221; custom_padding=&#8221;20px|20px|20px|20px|true|true&#8221; hover_enabled=&#8221;0&#8243; box_shadow_style=&#8221;preset3&#8243; global_module=&#8221;7384&#8243; saved_tabs=&#8221;all&#8221; global_colors_info=&#8221;{}&#8221; sticky_enabled=&#8221;0&#8243;]<\/p>\n<p class=\"bodytext\"><b>K\u00d6HL energy s.\u00e0 r.l.<br \/>\nPOWER DISTRIBUTION SYSTEMS<\/b><br \/>\n17, Am Scheerleck<br \/>\nL-6868 Wecker<\/p>\n<p class=\"bodytext\">phone: +352 71 99 71 \u2013 0<br \/>\nemail: <a href=\"mailto:info@koehl.energy\">info@koehl.energy<\/a><\/p>\n<hr style=\"margin-bottom:20px;\" \/>\n<p class=\"bodytext\"><b>K\u00d6HL energy GmbH<br \/>\nPOWER DISTRIBUTION SYSTEMS<\/b><br \/>\nSchongauerstra\u00dfe 23<br \/>\nD-04328 Leipzig<\/p>\n<p class=\"bodytext\">phone: +49 341 44227934<br \/>\nemail: <a href=\"mailto:info@koehl.energy\">info@koehl.energy<\/a><\/p>\n<p>[\/et_pb_text][et_pb_blurb title=&#8221;Office hours&#8221; use_icon=&#8221;on&#8221; font_icon=&#8221;&#x7d;||divi||400&#8243; icon_color=&#8221;#2D4451&#8243; image_icon_background_color=&#8221;RGBA(255,255,255,0)&#8221; image_icon_width=&#8221;59px&#8221; module_id=&#8221;buerozeiten&#8221; _builder_version=&#8221;4.24.0&#8243; _module_preset=&#8221;default&#8221; header_level=&#8221;h3&#8243; header_font=&#8221;|600||on|||||&#8221; header_text_align=&#8221;center&#8221; header_letter_spacing=&#8221;1px&#8221; body_text_align=&#8221;center&#8221; body_font_size=&#8221;16px&#8221; global_module=&#8221;7386&#8243; global_colors_info=&#8221;{}&#8221;]<\/p>\n<p>Mo. &#8211; Fr. 8:00 &#8211; 17:00 Uhr<\/p>\n<p>[\/et_pb_blurb][\/et_pb_column][\/et_pb_row][\/et_pb_section]<\/p>\n","protected":false},"excerpt":{"rendered":"<p>Please get in contact with usDo you have any questions, comments or suggestions? Please use our online form. If you do not receive a reply from us within two days, please contact us by telephone. &nbsp;K\u00d6HL energy s.\u00e0 r.l. POWER DISTRIBUTION SYSTEMS 17, Am Scheerleck L-6868 Wecker phone: +352 71 99 71 \u2013 0 email: [&hellip;]<\/p>\n","protected":false},"author":1,"featured_media":0,"parent":0,"menu_order":0,"comment_status":"closed","ping_status":"closed","template":"","meta":{"_et_pb_use_builder":"on","_et_pb_old_content":"","_et_gb_content_width":"","footnotes":""},"class_list":["post-8693","page","type-page","status-publish","hentry"],"yoast_head":"<!-- This site is optimized with the Yoast SEO plugin v27.2 - https:\/\/yoast.com\/product\/yoast-seo-wordpress\/ -->\n<title>Contact - K\u00d6HL energy s.\u00e0 r.l. POWER DISTRIBUTION SYSTEMS<\/title>\n<meta name=\"description\" content=\"We will be happy to answer your questions. Please use our online form. We will contact you immediately.\" \/>\n<meta name=\"robots\" content=\"index, follow, max-snippet:-1, max-image-preview:large, max-video-preview:-1\" \/>\n<link rel=\"canonical\" href=\"https:\/\/koehl.energy\/en\/contact\" \/>\n<meta property=\"og:locale\" content=\"en_US\" \/>\n<meta property=\"og:type\" content=\"article\" \/>\n<meta property=\"og:title\" content=\"Contact - K\u00d6HL energy s.\u00e0 r.l. POWER DISTRIBUTION SYSTEMS\" \/>\n<meta property=\"og:description\" content=\"We will be happy to answer your questions. Please use our online form. We will contact you immediately.\" \/>\n<meta property=\"og:url\" content=\"https:\/\/koehl.energy\/en\/contact\" \/>\n<meta property=\"og:site_name\" content=\"K\u00d6HL energy s.\u00e0 r.l. POWER DISTRIBUTION SYSTEMS\" \/>\n<meta property=\"article:publisher\" content=\"https:\/\/www.facebook.com\/profile.php?id=100063907395570&amp;locale=de_DE\" \/>\n<meta property=\"article:modified_time\" content=\"2026-03-26T11:10:26+00:00\" \/>\n<meta name=\"twitter:card\" content=\"summary_large_image\" \/>\n<meta name=\"twitter:label1\" content=\"Est. reading time\" \/>\n\t<meta name=\"twitter:data1\" content=\"5 minutes\" \/>\n<script type=\"application\/ld+json\" class=\"yoast-schema-graph\">{\"@context\":\"https:\/\/schema.org\",\"@graph\":[{\"@type\":\"WebPage\",\"@id\":\"https:\/\/koehl.energy\/en\/contact\",\"url\":\"https:\/\/koehl.energy\/en\/contact\",\"name\":\"Contact - K\u00d6HL energy s.\u00e0 r.l. POWER DISTRIBUTION SYSTEMS\",\"isPartOf\":{\"@id\":\"https:\/\/koehl.energy\/en#website\"},\"datePublished\":\"2023-04-03T09:41:18+00:00\",\"dateModified\":\"2026-03-26T11:10:26+00:00\",\"description\":\"We will be happy to answer your questions. Please use our online form. We will contact you immediately.\",\"breadcrumb\":{\"@id\":\"https:\/\/koehl.energy\/en\/contact#breadcrumb\"},\"inLanguage\":\"en-US\",\"potentialAction\":[{\"@type\":\"ReadAction\",\"target\":[\"https:\/\/koehl.energy\/en\/contact\"]}]},{\"@type\":\"BreadcrumbList\",\"@id\":\"https:\/\/koehl.energy\/en\/contact#breadcrumb\",\"itemListElement\":[{\"@type\":\"ListItem\",\"position\":1,\"name\":\"Startseite\",\"item\":\"https:\/\/koehl.energy\/en\/koehl-s-a-r-l-power-distribution-systems\"},{\"@type\":\"ListItem\",\"position\":2,\"name\":\"Contact\"}]},{\"@type\":\"WebSite\",\"@id\":\"https:\/\/koehl.energy\/en#website\",\"url\":\"https:\/\/koehl.energy\/en\",\"name\":\"K\u00d6HL energy s.\u00e0 r.l. POWER DISTRIBUTION SYSTEMS\",\"description\":\"Ihr Partner weltweit.\",\"publisher\":{\"@id\":\"https:\/\/koehl.energy\/en#organization\"},\"potentialAction\":[{\"@type\":\"SearchAction\",\"target\":{\"@type\":\"EntryPoint\",\"urlTemplate\":\"https:\/\/koehl.energy\/en?s={search_term_string}\"},\"query-input\":{\"@type\":\"PropertyValueSpecification\",\"valueRequired\":true,\"valueName\":\"search_term_string\"}}],\"inLanguage\":\"en-US\"},{\"@type\":\"Organization\",\"@id\":\"https:\/\/koehl.energy\/en#organization\",\"name\":\"K\u00d6HL energy s.\u00e0 r.l. POWER DISTRIBUTION SYSTEMS\",\"url\":\"https:\/\/koehl.energy\/en\",\"logo\":{\"@type\":\"ImageObject\",\"inLanguage\":\"en-US\",\"@id\":\"https:\/\/koehl.energy\/en#\/schema\/logo\/image\/\",\"url\":\"https:\/\/koehl.energy\/wp-content\/uploads\/2025\/06\/KOEHL-ENERGY-SARL-Logo-farbe-ohne-Schatten.png\",\"contentUrl\":\"https:\/\/koehl.energy\/wp-content\/uploads\/2025\/06\/KOEHL-ENERGY-SARL-Logo-farbe-ohne-Schatten.png\",\"width\":800,\"height\":208,\"caption\":\"K\u00d6HL energy s.\u00e0 r.l. POWER DISTRIBUTION SYSTEMS\"},\"image\":{\"@id\":\"https:\/\/koehl.energy\/en#\/schema\/logo\/image\/\"},\"sameAs\":[\"https:\/\/www.facebook.com\/profile.php?id=100063907395570&locale=de_DE\"]}]}<\/script>\n<!-- \/ Yoast SEO plugin. -->","yoast_head_json":{"title":"Contact - K\u00d6HL energy s.\u00e0 r.l. POWER DISTRIBUTION SYSTEMS","description":"We will be happy to answer your questions. Please use our online form. We will contact you immediately.","robots":{"index":"index","follow":"follow","max-snippet":"max-snippet:-1","max-image-preview":"max-image-preview:large","max-video-preview":"max-video-preview:-1"},"canonical":"https:\/\/koehl.energy\/en\/contact","og_locale":"en_US","og_type":"article","og_title":"Contact - K\u00d6HL energy s.\u00e0 r.l. POWER DISTRIBUTION SYSTEMS","og_description":"We will be happy to answer your questions. Please use our online form. We will contact you immediately.","og_url":"https:\/\/koehl.energy\/en\/contact","og_site_name":"K\u00d6HL energy s.\u00e0 r.l. POWER DISTRIBUTION SYSTEMS","article_publisher":"https:\/\/www.facebook.com\/profile.php?id=100063907395570&locale=de_DE","article_modified_time":"2026-03-26T11:10:26+00:00","twitter_card":"summary_large_image","twitter_misc":{"Est. reading time":"5 minutes"},"schema":{"@context":"https:\/\/schema.org","@graph":[{"@type":"WebPage","@id":"https:\/\/koehl.energy\/en\/contact","url":"https:\/\/koehl.energy\/en\/contact","name":"Contact - K\u00d6HL energy s.\u00e0 r.l. POWER DISTRIBUTION SYSTEMS","isPartOf":{"@id":"https:\/\/koehl.energy\/en#website"},"datePublished":"2023-04-03T09:41:18+00:00","dateModified":"2026-03-26T11:10:26+00:00","description":"We will be happy to answer your questions. Please use our online form. We will contact you immediately.","breadcrumb":{"@id":"https:\/\/koehl.energy\/en\/contact#breadcrumb"},"inLanguage":"en-US","potentialAction":[{"@type":"ReadAction","target":["https:\/\/koehl.energy\/en\/contact"]}]},{"@type":"BreadcrumbList","@id":"https:\/\/koehl.energy\/en\/contact#breadcrumb","itemListElement":[{"@type":"ListItem","position":1,"name":"Startseite","item":"https:\/\/koehl.energy\/en\/koehl-s-a-r-l-power-distribution-systems"},{"@type":"ListItem","position":2,"name":"Contact"}]},{"@type":"WebSite","@id":"https:\/\/koehl.energy\/en#website","url":"https:\/\/koehl.energy\/en","name":"K\u00d6HL energy s.\u00e0 r.l. POWER DISTRIBUTION SYSTEMS","description":"Ihr Partner weltweit.","publisher":{"@id":"https:\/\/koehl.energy\/en#organization"},"potentialAction":[{"@type":"SearchAction","target":{"@type":"EntryPoint","urlTemplate":"https:\/\/koehl.energy\/en?s={search_term_string}"},"query-input":{"@type":"PropertyValueSpecification","valueRequired":true,"valueName":"search_term_string"}}],"inLanguage":"en-US"},{"@type":"Organization","@id":"https:\/\/koehl.energy\/en#organization","name":"K\u00d6HL energy s.\u00e0 r.l. POWER DISTRIBUTION SYSTEMS","url":"https:\/\/koehl.energy\/en","logo":{"@type":"ImageObject","inLanguage":"en-US","@id":"https:\/\/koehl.energy\/en#\/schema\/logo\/image\/","url":"https:\/\/koehl.energy\/wp-content\/uploads\/2025\/06\/KOEHL-ENERGY-SARL-Logo-farbe-ohne-Schatten.png","contentUrl":"https:\/\/koehl.energy\/wp-content\/uploads\/2025\/06\/KOEHL-ENERGY-SARL-Logo-farbe-ohne-Schatten.png","width":800,"height":208,"caption":"K\u00d6HL energy s.\u00e0 r.l. POWER DISTRIBUTION SYSTEMS"},"image":{"@id":"https:\/\/koehl.energy\/en#\/schema\/logo\/image\/"},"sameAs":["https:\/\/www.facebook.com\/profile.php?id=100063907395570&locale=de_DE"]}]}},"_links":{"self":[{"href":"https:\/\/koehl.energy\/en\/wp-json\/wp\/v2\/pages\/8693","targetHints":{"allow":["GET"]}}],"collection":[{"href":"https:\/\/koehl.energy\/en\/wp-json\/wp\/v2\/pages"}],"about":[{"href":"https:\/\/koehl.energy\/en\/wp-json\/wp\/v2\/types\/page"}],"author":[{"embeddable":true,"href":"https:\/\/koehl.energy\/en\/wp-json\/wp\/v2\/users\/1"}],"replies":[{"embeddable":true,"href":"https:\/\/koehl.energy\/en\/wp-json\/wp\/v2\/comments?post=8693"}],"version-history":[{"count":15,"href":"https:\/\/koehl.energy\/en\/wp-json\/wp\/v2\/pages\/8693\/revisions"}],"predecessor-version":[{"id":11452,"href":"https:\/\/koehl.energy\/en\/wp-json\/wp\/v2\/pages\/8693\/revisions\/11452"}],"wp:attachment":[{"href":"https:\/\/koehl.energy\/en\/wp-json\/wp\/v2\/media?parent=8693"}],"curies":[{"name":"wp","href":"https:\/\/api.w.org\/{rel}","templated":true}]}}