{"id":8670,"date":"2023-09-28T17:42:16","date_gmt":"2023-09-28T15:42:16","guid":{"rendered":"http:\/\/s952819088.online.de\/application-form"},"modified":"2025-10-20T15:13:22","modified_gmt":"2025-10-20T13:13:22","slug":"application-form","status":"publish","type":"page","link":"https:\/\/koehl.energy\/en\/application-form","title":{"rendered":"Application form"},"content":{"rendered":"<p>[et_pb_section fb_built=&#8221;1&#8243; _builder_version=&#8221;4.21.0&#8243; _module_preset=&#8221;default&#8221; custom_margin=&#8221;0px||0px||true|false&#8221; custom_padding=&#8221;20px||20px||false|false&#8221; global_colors_info=&#8221;{}&#8221;][et_pb_row _builder_version=&#8221;4.20.0&#8243; _module_preset=&#8221;default&#8221; custom_margin=&#8221;|auto|8px|auto||&#8221; custom_padding=&#8221;||8px|||&#8221; global_colors_info=&#8221;{}&#8221;][et_pb_column type=&#8221;4_4&#8243; _builder_version=&#8221;4.20.0&#8243; _module_preset=&#8221;default&#8221; global_colors_info=&#8221;{}&#8221;][et_pb_text _builder_version=&#8221;4.24.0&#8243; _module_preset=&#8221;bd8d3130-daa1-43c1-9506-371b2db18ab7&#8243; text_font=&#8221;||||||||&#8221; header_font=&#8221;|600|||||||&#8221; header_text_align=&#8221;center&#8221; custom_margin=&#8221;||6px|||&#8221; global_colors_info=&#8221;{}&#8221;]<\/p>\n<h1>We are delighted that you are interested in our company!<\/h1>\n<p>[\/et_pb_text][et_pb_text _builder_version=&#8221;4.27.4&#8243; _module_preset=&#8221;bd8d3130-daa1-43c1-9506-371b2db18ab7&#8243; text_orientation=&#8221;center&#8221; custom_margin=&#8221;||9px|||&#8221; global_colors_info=&#8221;{}&#8221;]<\/p>\n<p>Use our online application form and send us your application documents using the integrated upload function. Alternatively, you can also send us your application by e-mail to <a href=\"mailto:job@koehl.energy\" title=\"job@koehl.energy\">job@koehl.energy<\/a>.<\/p>\n<p>[\/et_pb_text][\/et_pb_column][\/et_pb_row][et_pb_row column_structure=&#8221;2_3,1_3&#8243; _builder_version=&#8221;4.21.0&#8243; _module_preset=&#8221;default&#8221; global_colors_info=&#8221;{}&#8221;][et_pb_column type=&#8221;2_3&#8243; _builder_version=&#8221;4.21.0&#8243; _module_preset=&#8221;default&#8221; global_colors_info=&#8221;{}&#8221;][et_pb_contact_form email=&#8221;job@koehl-sarl.eu&#8221; custom_message=&#8221;||et_pb_line_break_holder||Kontaktanfrage \u00fcber K\u00d6HL Online-Bewerbungsformular: ||et_pb_line_break_holder||||et_pb_line_break_holder||Name, Vorname: %%namevorname%%||et_pb_line_break_holder||||et_pb_line_break_holder||E-Mail: %%email%%||et_pb_line_break_holder||||et_pb_line_break_holder||__________||et_pb_line_break_holder||||et_pb_line_break_holder||Folgende Mitteilung wurde gesendet:||et_pb_line_break_holder||||et_pb_line_break_holder||%%nachricht%%||et_pb_line_break_holder||||et_pb_line_break_holder||__________||et_pb_line_break_holder||||et_pb_line_break_holder||||et_pb_line_break_holder||Den Datenschutzbestimmungen wurde zugestimmt:||et_pb_line_break_holder||||et_pb_line_break_holder||%%datenschutz%%&#8221; success_message=&#8221;&lt;p&gt;Thank you very much for your interest! We will contact you as soon as possible. If you do not hear back from us within 5 working days, please write to us directly at job(a)koehl.energy.&lt;\/p&gt;&#8221; submit_button_text=&#8221;Send application&#8221; module_id=&#8221;kontaktformular&#8221; _builder_version=&#8221;4.27.4&#8243; _unique_id=&#8221;08477fa8-99a9-44f6-a5b3-aa81721f33a6&#8243; form_field_text_color=&#8221;#2D4451&#8243; captcha_font_size=&#8221;22px&#8221; captcha_letter_spacing=&#8221;1px&#8221; form_field_font=&#8221;||||||||&#8221; form_field_font_size=&#8221;16px&#8221; custom_button=&#8221;on&#8221; button_text_size=&#8221;17px&#8221; button_text_color=&#8221;#FFFFFF&#8221; button_bg_color=&#8221;#2D4451&#8243; button_border_width=&#8221;0px&#8221; button_border_radius=&#8221;0px&#8221; button_letter_spacing=&#8221;1px&#8221; button_font=&#8221;|||on|||||&#8221; button_icon=&#8221;&#xf0e0;||fa||900&#8243; button_custom_margin=&#8221;3px||3px||true|false&#8221; button_custom_padding=&#8221;||||false|false&#8221; custom_margin=&#8221;||||false|false&#8221; custom_padding=&#8221;||||false|false&#8221; hover_enabled=&#8221;0&#8243; admin_email_subject=&#8221;Online-Bewerbungsanfrage&#8221; admin_email_from_name=&#8221;K\u00d6HL energy s.\u00e0 r.l. POWER DISTRIBUTION SYSTEMS&#8221; save_entries_to_db=&#8221;off&#8221; use_confirmation_email=&#8221;on&#8221; confirmation_email_field_id=&#8221;email&#8221; confirmation_email_subject=&#8221;Wir haben Ihre Nachricht erhalten.&#8221; confirmation_email_from_name=&#8221;K\u00d6HL energy s.\u00e0 r.l. POWER DISTRIBUTION SYSTEMS&#8221; confirmation_email_from=&#8221;noreply@koehl.energy&#8221; confirmation_email_message=&#8221;Vielen herzlichen Dank f\u00fcr Dein Interesse!<\/p>\n<p>Deine Nachricht wurde an uns \u00fcbermittelt. Wir kontaktieren Dich so bald wie m\u00f6glich. Solltest Du innerhalb von 5 Werktagen keine R\u00fcckmeldung von uns erhalten, bitten wir Dich, uns direkt \u00fcber die job(a)koehl.energy anzuschreiben.<\/p>\n<p>______________________<\/p>\n<p>Deine \u00fcbermittelten Daten:<\/p>\n<p>Name, Vorname: %%namevorname%%<\/p>\n<p>E-Mail: %%email%%<\/p>\n<p>__________<\/p>\n<p>Nachricht, sonstige Mitteilung: <\/p>\n<p>%%nachricht%%<\/p>\n<p>__________<\/p>\n<p>Den Datenschutzbestimmungen wurde zugestimmt:<\/p>\n<p>%%datenschutz%%<\/p>\n<p>&#8221; submit_button_wait_text=&#8221;Bitte warten&#8221; files_container_background=&#8221;#eeeeee&#8221; file_button_background=&#8221;#2D4451&#8243; file_button_color=&#8221;#FFFFFF&#8221; file_button_size=&#8221;14px&#8221; file_button_margin=&#8221;15px|15px|15px|15px|true|true&#8221; file_button_padding=&#8221;10px|20px|10px|20px|true|true&#8221; file_button_border=&#8221;on|0px|0px|0px|0px&#8221; file_button_border_color=&#8221;RGBA(255,255,255,0)&#8221; file_button_border_width=&#8221;0px&#8221; file_button_icon=&#8221;&#xf0c5;||fa||900&#8243; file_button_icon_color=&#8221;#FFFFFF&#8221; file_button_icon_placement=&#8221;left&#8221; file_button_shadow=&#8221;preset3&#8243; file_button_shadow_spread=&#8221;-6px&#8221; file_button_shadow_color=&#8221;rgba(0,0,0,0.25)&#8221; box_shadow_style_button=&#8221;preset3&#8243; saved_tabs=&#8221;all&#8221; global_colors_info=&#8221;{}&#8221; sticky_enabled=&#8221;0&#8243;][et_pb_contact_field field_id=&#8221;namevorname&#8221; field_title=&#8221;Surname, first name&#8221; fullwidth_field=&#8221;on&#8221; _builder_version=&#8221;4.25.0&#8243; global_colors_info=&#8221;{}&#8221;][\/et_pb_contact_field][et_pb_contact_field field_id=&#8221;email&#8221; field_title=&#8221;E-mail address&#8221; field_type=&#8221;email&#8221; fullwidth_field=&#8221;on&#8221; _builder_version=&#8221;4.25.0&#8243; global_colors_info=&#8221;{}&#8221;][\/et_pb_contact_field][et_pb_contact_field field_id=&#8221;nachricht&#8221; field_title=&#8221;Your message&#8221; field_type=&#8221;text&#8221; fullwidth_field=&#8221;on&#8221; _builder_version=&#8221;4.25.0&#8243; global_colors_info=&#8221;{}&#8221;][\/et_pb_contact_field][et_pb_contact_field field_id=&#8221;upload&#8221; field_title=&#8221;Upload&#8221; fullwidth_field=&#8221;on&#8221; _builder_version=&#8221;4.27.4&#8243; _module_preset=&#8221;default&#8221; hover_enabled=&#8221;0&#8243; use_file_upload=&#8221;on&#8221; file_size=&#8221;131072&#8243; files_limit=&#8221;3&#8243; file_mime=&#8221;off|off|off|off|off|off|off|off|off|off|off|off|off|off|off|off|off|off|off|off|off|off|off|off|off|off|off|off|off|off|off|off|off|off|off|off|off|off|off|off|off|off|off|off|off|off|off|off|on|off|off|on|off|off|off|off|off|off|off|off|off|off|off|off|off|off|off|off|off|off|off|off|off|off|off|off|off|off|off|off|off|off|off|off|off|off|off|off|off|off|off|off|off|off|off|off&#8221; global_colors_info=&#8221;{}&#8221; sticky_enabled=&#8221;0&#8243;][\/et_pb_contact_field][et_pb_contact_field field_id=&#8221;datenschutz&#8221; field_title=&#8221;Your consent to our privacy policy is required! &#8221; field_type=&#8221;checkbox&#8221; checkbox_options=&#8221;%91{%22value%22:%22I agree that my details from the contact form may be collected and processed to answer my enquiry. The data will be deleted after your enquiry has been processed. Note: You can revoke your consent at any time for the future by sending an e-mail to info(a)koehl.energy. You can find detailed information on the handling of user data on our website. %22,%22checked%22:0,%22dragID%22:-1,%22link_text%22:%22(Privacy policy)%22,%22link_url%22:%22https:%92\/%92\/koehl.energy%92\/datenschutzerklaerung%22}%93&#8243; fullwidth_field=&#8221;on&#8221; _builder_version=&#8221;4.27.4&#8243; form_field_font_size=&#8221;15px&#8221; global_colors_info=&#8221;{}&#8221;][\/et_pb_contact_field][\/et_pb_contact_form][\/et_pb_column][et_pb_column type=&#8221;1_3&#8243; _builder_version=&#8221;4.21.0&#8243; _module_preset=&#8221;default&#8221; global_colors_info=&#8221;{}&#8221;][et_pb_text _builder_version=&#8221;4.25.0&#8243; _module_preset=&#8221;bd8d3130-daa1-43c1-9506-371b2db18ab7&#8243; text_font=&#8221;||||||||&#8221; custom_margin=&#8221;||9px|||&#8221; custom_padding=&#8221;||35px|||&#8221; global_colors_info=&#8221;{}&#8221;]<\/p>\n<p style=\"text-align: left;\"><strong>Please include a cover letter and CV with your application.<br \/><\/strong><strong>If you are applying for an apprenticeship, please also include copies of your last two school reports.<\/strong><\/p>\n<p>If you do not receive a response within 5 days or have problems sending your message, please contact us on +352 71 99 71 &#8211; 0.<em><\/em><\/p>\n<p>[\/et_pb_text][\/et_pb_column][\/et_pb_row][\/et_pb_section]<\/p>\n","protected":false},"excerpt":{"rendered":"<p>We are delighted that you are interested in our company!Use our online application form and send us your application documents using the integrated upload function. Alternatively, you can also send us your application by e-mail to job@koehl.energy.Please include a cover letter and CV with your application.If you are applying for an apprenticeship, please also include [&hellip;]<\/p>\n","protected":false},"author":1,"featured_media":0,"parent":0,"menu_order":0,"comment_status":"closed","ping_status":"closed","template":"","meta":{"_et_pb_use_builder":"on","_et_pb_old_content":"","_et_gb_content_width":"","footnotes":""},"class_list":["post-8670","page","type-page","status-publish","hentry"],"yoast_head":"<!-- This site is optimized with the Yoast SEO plugin v27.2 - https:\/\/yoast.com\/product\/yoast-seo-wordpress\/ -->\n<title>Application form - K\u00d6HL energy s.\u00e0 r.l. POWER DISTRIBUTION SYSTEMS<\/title>\n<meta name=\"description\" content=\"Use our online application form and send us your application documents using the integrated upload function.\" \/>\n<meta name=\"robots\" content=\"index, follow, max-snippet:-1, max-image-preview:large, max-video-preview:-1\" \/>\n<link rel=\"canonical\" href=\"https:\/\/koehl.energy\/en\/application-form\" \/>\n<meta property=\"og:locale\" content=\"en_US\" \/>\n<meta property=\"og:type\" content=\"article\" \/>\n<meta property=\"og:title\" content=\"Application form - K\u00d6HL energy s.\u00e0 r.l. POWER DISTRIBUTION SYSTEMS\" \/>\n<meta property=\"og:description\" content=\"Use our online application form and send us your application documents using the integrated upload function.\" \/>\n<meta property=\"og:url\" content=\"https:\/\/koehl.energy\/en\/application-form\" \/>\n<meta property=\"og:site_name\" content=\"K\u00d6HL energy s.\u00e0 r.l. POWER DISTRIBUTION SYSTEMS\" \/>\n<meta property=\"article:publisher\" content=\"https:\/\/www.facebook.com\/profile.php?id=100063907395570&amp;locale=de_DE\" \/>\n<meta property=\"article:modified_time\" content=\"2025-10-20T13:13:22+00:00\" \/>\n<meta name=\"twitter:card\" content=\"summary_large_image\" \/>\n<meta name=\"twitter:label1\" content=\"Est. reading time\" \/>\n\t<meta name=\"twitter:data1\" content=\"6 minutes\" \/>\n<script type=\"application\/ld+json\" class=\"yoast-schema-graph\">{\"@context\":\"https:\/\/schema.org\",\"@graph\":[{\"@type\":\"WebPage\",\"@id\":\"https:\/\/koehl.energy\/en\/application-form\",\"url\":\"https:\/\/koehl.energy\/en\/application-form\",\"name\":\"Application form - K\u00d6HL energy s.\u00e0 r.l. POWER DISTRIBUTION SYSTEMS\",\"isPartOf\":{\"@id\":\"https:\/\/koehl.energy\/en#website\"},\"datePublished\":\"2023-09-28T15:42:16+00:00\",\"dateModified\":\"2025-10-20T13:13:22+00:00\",\"description\":\"Use our online application form and send us your application documents using the integrated upload function.\",\"breadcrumb\":{\"@id\":\"https:\/\/koehl.energy\/en\/application-form#breadcrumb\"},\"inLanguage\":\"en-US\",\"potentialAction\":[{\"@type\":\"ReadAction\",\"target\":[\"https:\/\/koehl.energy\/en\/application-form\"]}]},{\"@type\":\"BreadcrumbList\",\"@id\":\"https:\/\/koehl.energy\/en\/application-form#breadcrumb\",\"itemListElement\":[{\"@type\":\"ListItem\",\"position\":1,\"name\":\"Startseite\",\"item\":\"https:\/\/koehl.energy\/en\/koehl-s-a-r-l-power-distribution-systems\"},{\"@type\":\"ListItem\",\"position\":2,\"name\":\"Application form\"}]},{\"@type\":\"WebSite\",\"@id\":\"https:\/\/koehl.energy\/en#website\",\"url\":\"https:\/\/koehl.energy\/en\",\"name\":\"K\u00d6HL energy s.\u00e0 r.l. POWER DISTRIBUTION SYSTEMS\",\"description\":\"Ihr Partner weltweit.\",\"publisher\":{\"@id\":\"https:\/\/koehl.energy\/en#organization\"},\"potentialAction\":[{\"@type\":\"SearchAction\",\"target\":{\"@type\":\"EntryPoint\",\"urlTemplate\":\"https:\/\/koehl.energy\/en?s={search_term_string}\"},\"query-input\":{\"@type\":\"PropertyValueSpecification\",\"valueRequired\":true,\"valueName\":\"search_term_string\"}}],\"inLanguage\":\"en-US\"},{\"@type\":\"Organization\",\"@id\":\"https:\/\/koehl.energy\/en#organization\",\"name\":\"K\u00d6HL energy s.\u00e0 r.l. POWER DISTRIBUTION SYSTEMS\",\"url\":\"https:\/\/koehl.energy\/en\",\"logo\":{\"@type\":\"ImageObject\",\"inLanguage\":\"en-US\",\"@id\":\"https:\/\/koehl.energy\/en#\/schema\/logo\/image\/\",\"url\":\"https:\/\/koehl.energy\/wp-content\/uploads\/2025\/06\/KOEHL-ENERGY-SARL-Logo-farbe-ohne-Schatten.png\",\"contentUrl\":\"https:\/\/koehl.energy\/wp-content\/uploads\/2025\/06\/KOEHL-ENERGY-SARL-Logo-farbe-ohne-Schatten.png\",\"width\":800,\"height\":208,\"caption\":\"K\u00d6HL energy s.\u00e0 r.l. POWER DISTRIBUTION SYSTEMS\"},\"image\":{\"@id\":\"https:\/\/koehl.energy\/en#\/schema\/logo\/image\/\"},\"sameAs\":[\"https:\/\/www.facebook.com\/profile.php?id=100063907395570&locale=de_DE\"]}]}<\/script>\n<!-- \/ Yoast SEO plugin. -->","yoast_head_json":{"title":"Application form - K\u00d6HL energy s.\u00e0 r.l. POWER DISTRIBUTION SYSTEMS","description":"Use our online application form and send us your application documents using the integrated upload function.","robots":{"index":"index","follow":"follow","max-snippet":"max-snippet:-1","max-image-preview":"max-image-preview:large","max-video-preview":"max-video-preview:-1"},"canonical":"https:\/\/koehl.energy\/en\/application-form","og_locale":"en_US","og_type":"article","og_title":"Application form - K\u00d6HL energy s.\u00e0 r.l. POWER DISTRIBUTION SYSTEMS","og_description":"Use our online application form and send us your application documents using the integrated upload function.","og_url":"https:\/\/koehl.energy\/en\/application-form","og_site_name":"K\u00d6HL energy s.\u00e0 r.l. POWER DISTRIBUTION SYSTEMS","article_publisher":"https:\/\/www.facebook.com\/profile.php?id=100063907395570&locale=de_DE","article_modified_time":"2025-10-20T13:13:22+00:00","twitter_card":"summary_large_image","twitter_misc":{"Est. reading time":"6 minutes"},"schema":{"@context":"https:\/\/schema.org","@graph":[{"@type":"WebPage","@id":"https:\/\/koehl.energy\/en\/application-form","url":"https:\/\/koehl.energy\/en\/application-form","name":"Application form - K\u00d6HL energy s.\u00e0 r.l. POWER DISTRIBUTION SYSTEMS","isPartOf":{"@id":"https:\/\/koehl.energy\/en#website"},"datePublished":"2023-09-28T15:42:16+00:00","dateModified":"2025-10-20T13:13:22+00:00","description":"Use our online application form and send us your application documents using the integrated upload function.","breadcrumb":{"@id":"https:\/\/koehl.energy\/en\/application-form#breadcrumb"},"inLanguage":"en-US","potentialAction":[{"@type":"ReadAction","target":["https:\/\/koehl.energy\/en\/application-form"]}]},{"@type":"BreadcrumbList","@id":"https:\/\/koehl.energy\/en\/application-form#breadcrumb","itemListElement":[{"@type":"ListItem","position":1,"name":"Startseite","item":"https:\/\/koehl.energy\/en\/koehl-s-a-r-l-power-distribution-systems"},{"@type":"ListItem","position":2,"name":"Application form"}]},{"@type":"WebSite","@id":"https:\/\/koehl.energy\/en#website","url":"https:\/\/koehl.energy\/en","name":"K\u00d6HL energy s.\u00e0 r.l. POWER DISTRIBUTION SYSTEMS","description":"Ihr Partner weltweit.","publisher":{"@id":"https:\/\/koehl.energy\/en#organization"},"potentialAction":[{"@type":"SearchAction","target":{"@type":"EntryPoint","urlTemplate":"https:\/\/koehl.energy\/en?s={search_term_string}"},"query-input":{"@type":"PropertyValueSpecification","valueRequired":true,"valueName":"search_term_string"}}],"inLanguage":"en-US"},{"@type":"Organization","@id":"https:\/\/koehl.energy\/en#organization","name":"K\u00d6HL energy s.\u00e0 r.l. POWER DISTRIBUTION SYSTEMS","url":"https:\/\/koehl.energy\/en","logo":{"@type":"ImageObject","inLanguage":"en-US","@id":"https:\/\/koehl.energy\/en#\/schema\/logo\/image\/","url":"https:\/\/koehl.energy\/wp-content\/uploads\/2025\/06\/KOEHL-ENERGY-SARL-Logo-farbe-ohne-Schatten.png","contentUrl":"https:\/\/koehl.energy\/wp-content\/uploads\/2025\/06\/KOEHL-ENERGY-SARL-Logo-farbe-ohne-Schatten.png","width":800,"height":208,"caption":"K\u00d6HL energy s.\u00e0 r.l. POWER DISTRIBUTION SYSTEMS"},"image":{"@id":"https:\/\/koehl.energy\/en#\/schema\/logo\/image\/"},"sameAs":["https:\/\/www.facebook.com\/profile.php?id=100063907395570&locale=de_DE"]}]}},"_links":{"self":[{"href":"https:\/\/koehl.energy\/en\/wp-json\/wp\/v2\/pages\/8670","targetHints":{"allow":["GET"]}}],"collection":[{"href":"https:\/\/koehl.energy\/en\/wp-json\/wp\/v2\/pages"}],"about":[{"href":"https:\/\/koehl.energy\/en\/wp-json\/wp\/v2\/types\/page"}],"author":[{"embeddable":true,"href":"https:\/\/koehl.energy\/en\/wp-json\/wp\/v2\/users\/1"}],"replies":[{"embeddable":true,"href":"https:\/\/koehl.energy\/en\/wp-json\/wp\/v2\/comments?post=8670"}],"version-history":[{"count":20,"href":"https:\/\/koehl.energy\/en\/wp-json\/wp\/v2\/pages\/8670\/revisions"}],"predecessor-version":[{"id":11346,"href":"https:\/\/koehl.energy\/en\/wp-json\/wp\/v2\/pages\/8670\/revisions\/11346"}],"wp:attachment":[{"href":"https:\/\/koehl.energy\/en\/wp-json\/wp\/v2\/media?parent=8670"}],"curies":[{"name":"wp","href":"https:\/\/api.w.org\/{rel}","templated":true}]}}