{"id":8567,"date":"2023-04-03T11:40:52","date_gmt":"2023-04-03T09:40:52","guid":{"rendered":"http:\/\/s952819088.online.de\/dual-study-programme"},"modified":"2024-08-26T11:27:30","modified_gmt":"2024-08-26T09:27:30","slug":"dual-study-programme","status":"publish","type":"page","link":"https:\/\/koehl.energy\/en\/dual-study-programme","title":{"rendered":"Dual study programme"},"content":{"rendered":"<p>[et_pb_section fb_built=&#8221;1&#8243; _builder_version=&#8221;4.21.0&#8243; _module_preset=&#8221;default&#8221; custom_margin=&#8221;0px||0px||true|false&#8221; custom_padding=&#8221;20px||20px||false|false&#8221; global_colors_info=&#8221;{}&#8221;][et_pb_row _builder_version=&#8221;4.20.0&#8243; _module_preset=&#8221;default&#8221; custom_margin=&#8221;|auto|8px|auto||&#8221; custom_padding=&#8221;||8px|||&#8221; global_colors_info=&#8221;{}&#8221;][et_pb_column type=&#8221;4_4&#8243; _builder_version=&#8221;4.20.0&#8243; _module_preset=&#8221;default&#8221; global_colors_info=&#8221;{}&#8221;][et_pb_text _builder_version=&#8221;4.25.0&#8243; _module_preset=&#8221;bd8d3130-daa1-43c1-9506-371b2db18ab7&#8243; text_font=&#8221;||||||||&#8221; header_font=&#8221;|600|||||||&#8221; header_text_align=&#8221;center&#8221; custom_margin=&#8221;||6px|||&#8221; global_colors_info=&#8221;{}&#8221;]<\/p>\n<h2 style=\"text-align: center;\">Dual study programme<\/h2>\n<div id=\"c11258\" class=\"csc-frame csc-frame-default csc-default\">\n<div class=\"csc-header csc-header-n1\">\n<div class=\"csc-header\">\n<h4 style=\"text-align: center;\">The perfect combination of theory and practice!<\/h4>\n<\/div>\n<\/div>\n<\/div>\n<p>[\/et_pb_text][et_pb_text _builder_version=&#8221;4.25.0&#8243; _module_preset=&#8221;bd8d3130-daa1-43c1-9506-371b2db18ab7&#8243; text_orientation=&#8221;center&#8221; custom_margin=&#8221;||9px|||&#8221; global_colors_info=&#8221;{}&#8221;]<\/p>\n<p class=\"bodytext\">Start your professional future with us and be part of a young and dynamic team in the international business for modern energy distribution systems! We offer you an exciting and varied apprenticeship with high chances of being taken on in a technically well-equipped workplace.<\/p>\n<p class=\"bodytext\">Healthy growth is our future &#8211; we invest heavily in the development of our future specialists and are proud of the numerous awards our graduates have received.<\/p>\n<p class=\"bodytext\"><b>Since 2021, we have been combining our practical training in the company with a profound engineering degree programme at Trier University of Applied Sciences.<\/b><\/p>\n<p>Apply now for 2025 and use our <a href=\"https:\/\/koehl.energy\/en\/application-form\" title=\"Go to the online application form ...\">online application form<\/a> or send us an email to <a href=\"mailto:job@koehl-sarl.eu\" title=\"job@koehl-sarl.eu\"><span id=\"eeb-904109-136794\">job@koehl-sarl.eu<\/span><\/a><\/p>\n<p>[\/et_pb_text][\/et_pb_column][\/et_pb_row][et_pb_row column_structure=&#8221;1_4,1_4,1_4,1_4&#8243; _builder_version=&#8221;4.24.0&#8243; _module_preset=&#8221;default&#8221; global_colors_info=&#8221;{}&#8221;][et_pb_column type=&#8221;1_4&#8243; _builder_version=&#8221;4.24.0&#8243; _module_preset=&#8221;default&#8221; global_colors_info=&#8221;{}&#8221;][et_pb_image src=&#8221;https:\/\/koehl.energy\/wp-content\/uploads\/2024\/04\/DSC9656.jpg&#8221; alt=&#8221;Lifetime-Service | K\u00d6HL energy s.\u00e0 r.l. POWER DISTRIBUTION SYSTEMS&#8221; title_text=&#8221;Lifetime-Service | K\u00d6HL energy s.\u00e0 r.l. POWER DISTRIBUTION SYSTEMS&#8221; show_in_lightbox=&#8221;on&#8221; _builder_version=&#8221;4.25.1&#8243; _module_preset=&#8221;default&#8221; global_colors_info=&#8221;{}&#8221;][\/et_pb_image][\/et_pb_column][et_pb_column type=&#8221;1_4&#8243; _builder_version=&#8221;4.24.0&#8243; _module_preset=&#8221;default&#8221; global_colors_info=&#8221;{}&#8221;][et_pb_image src=&#8221;https:\/\/koehl.energy\/wp-content\/uploads\/2024\/02\/DSC9554.jpg&#8221; alt=&#8221;Field structure | K\u00d6HL energy s.\u00e0 r.l. POWER DISTRIBUTION SYSTEMS&#8221; title_text=&#8221;Field structure | K\u00d6HL s.\u00e0 r.l. POWER&#8221; show_in_lightbox=&#8221;on&#8221; _builder_version=&#8221;4.25.1&#8243; _module_preset=&#8221;default&#8221; global_colors_info=&#8221;{}&#8221;][\/et_pb_image][\/et_pb_column][et_pb_column type=&#8221;1_4&#8243; _builder_version=&#8221;4.24.0&#8243; _module_preset=&#8221;default&#8221; global_colors_info=&#8221;{}&#8221;][et_pb_image src=&#8221;https:\/\/koehl.energy\/wp-content\/uploads\/2024\/02\/DSC9983-2.jpg&#8221; alt=&#8221;Team-Meeting | K\u00d6HL energy s.\u00e0 r.l. POWER DISTRIBUTION SYSTEMS&#8221; title_text=&#8221;Team-Meeting | K\u00d6HL energy s.\u00e0 r.l. POWER DISTRIBUTION SYSTEMS&#8221; show_in_lightbox=&#8221;on&#8221; _builder_version=&#8221;4.25.1&#8243; _module_preset=&#8221;default&#8221; global_colors_info=&#8221;{}&#8221;][\/et_pb_image][\/et_pb_column][et_pb_column type=&#8221;1_4&#8243; _builder_version=&#8221;4.24.0&#8243; _module_preset=&#8221;default&#8221; global_colors_info=&#8221;{}&#8221;][et_pb_image src=&#8221;https:\/\/koehl.energy\/wp-content\/uploads\/2023\/11\/Moduvar-geschlossen_1_KOEHL-power-distribution-sarl.jpg&#8221; alt=&#8221;Moduvar | K\u00d6HL energy s.\u00e0 r.l. POWER DISTRIBUTION SYSTEMS&#8221; title_text=&#8221;Moduvar | K\u00d6HL energy s.\u00e0 r.l. POWER DISTRIBUTION SYSTEMS&#8221; show_in_lightbox=&#8221;on&#8221; _builder_version=&#8221;4.25.1&#8243; _module_preset=&#8221;default&#8221; global_colors_info=&#8221;{}&#8221;][\/et_pb_image][\/et_pb_column][\/et_pb_row][et_pb_row _builder_version=&#8221;4.22.2&#8243; _module_preset=&#8221;default&#8221; width=&#8221;100%&#8221; max_width=&#8221;1200px&#8221; module_alignment=&#8221;center&#8221; global_colors_info=&#8221;{}&#8221;][et_pb_column type=&#8221;4_4&#8243; _builder_version=&#8221;4.22.2&#8243; _module_preset=&#8221;default&#8221; global_colors_info=&#8221;{}&#8221;][et_pb_blog include_categories=&#8221;26&#8243; module_class=&#8221;et_blog_grid_equal_height&#8221; _builder_version=&#8221;4.25.1&#8243; _module_preset=&#8221;default&#8221; header_text_color=&#8221;#FFFFFF&#8221; read_more_text_color=&#8221;#FFFFFF&#8221; box_shadow_color=&#8221;rgba(0,0,0,0.47)&#8221; global_colors_info=&#8221;{}&#8221;][\/et_pb_blog][\/et_pb_column][\/et_pb_row][\/et_pb_section]<\/p>\n","protected":false},"excerpt":{"rendered":"<p>Dual study programme The perfect combination of theory and practice! Start your professional future with us and be part of a young and dynamic team in the international business for modern energy distribution systems! We offer you an exciting and varied apprenticeship with high chances of being taken on in a technically well-equipped workplace. Healthy [&hellip;]<\/p>\n","protected":false},"author":1,"featured_media":0,"parent":0,"menu_order":0,"comment_status":"closed","ping_status":"closed","template":"","meta":{"_et_pb_use_builder":"on","_et_pb_old_content":"","_et_gb_content_width":"","footnotes":""},"class_list":["post-8567","page","type-page","status-publish","hentry"],"yoast_head":"<!-- This site is optimized with the Yoast SEO plugin v27.2 - https:\/\/yoast.com\/product\/yoast-seo-wordpress\/ -->\n<title>Dual study programme - K\u00d6HL energy s.\u00e0 r.l. POWER DISTRIBUTION SYSTEMS<\/title>\n<meta name=\"description\" content=\"We combine our practical training in the company with a well founded engineering degree programme at a university.\" \/>\n<meta name=\"robots\" content=\"index, follow, max-snippet:-1, max-image-preview:large, max-video-preview:-1\" \/>\n<link rel=\"canonical\" href=\"https:\/\/koehl.energy\/en\/dual-study-programme\" \/>\n<meta property=\"og:locale\" content=\"en_US\" \/>\n<meta property=\"og:type\" content=\"article\" \/>\n<meta property=\"og:title\" content=\"Dual study programme - K\u00d6HL energy s.\u00e0 r.l. POWER DISTRIBUTION SYSTEMS\" \/>\n<meta property=\"og:description\" content=\"We combine our practical training in the company with a well founded engineering degree programme at a university.\" \/>\n<meta property=\"og:url\" content=\"https:\/\/koehl.energy\/en\/dual-study-programme\" \/>\n<meta property=\"og:site_name\" content=\"K\u00d6HL energy s.\u00e0 r.l. POWER DISTRIBUTION SYSTEMS\" \/>\n<meta property=\"article:publisher\" content=\"https:\/\/www.facebook.com\/profile.php?id=100063907395570&amp;locale=de_DE\" \/>\n<meta property=\"article:modified_time\" content=\"2024-08-26T09:27:30+00:00\" \/>\n<meta name=\"twitter:card\" content=\"summary_large_image\" \/>\n<meta name=\"twitter:label1\" content=\"Est. reading time\" \/>\n\t<meta name=\"twitter:data1\" content=\"3 minutes\" \/>\n<script type=\"application\/ld+json\" class=\"yoast-schema-graph\">{\"@context\":\"https:\/\/schema.org\",\"@graph\":[{\"@type\":\"WebPage\",\"@id\":\"https:\/\/koehl.energy\/en\/dual-study-programme\",\"url\":\"https:\/\/koehl.energy\/en\/dual-study-programme\",\"name\":\"Dual study programme - K\u00d6HL energy s.\u00e0 r.l. POWER DISTRIBUTION SYSTEMS\",\"isPartOf\":{\"@id\":\"https:\/\/koehl.energy\/en#website\"},\"datePublished\":\"2023-04-03T09:40:52+00:00\",\"dateModified\":\"2024-08-26T09:27:30+00:00\",\"description\":\"We combine our practical training in the company with a well founded engineering degree programme at a university.\",\"breadcrumb\":{\"@id\":\"https:\/\/koehl.energy\/en\/dual-study-programme#breadcrumb\"},\"inLanguage\":\"en-US\",\"potentialAction\":[{\"@type\":\"ReadAction\",\"target\":[\"https:\/\/koehl.energy\/en\/dual-study-programme\"]}]},{\"@type\":\"BreadcrumbList\",\"@id\":\"https:\/\/koehl.energy\/en\/dual-study-programme#breadcrumb\",\"itemListElement\":[{\"@type\":\"ListItem\",\"position\":1,\"name\":\"Startseite\",\"item\":\"https:\/\/koehl.energy\/en\/koehl-s-a-r-l-power-distribution-systems\"},{\"@type\":\"ListItem\",\"position\":2,\"name\":\"Dual study programme\"}]},{\"@type\":\"WebSite\",\"@id\":\"https:\/\/koehl.energy\/en#website\",\"url\":\"https:\/\/koehl.energy\/en\",\"name\":\"K\u00d6HL energy s.\u00e0 r.l. POWER DISTRIBUTION SYSTEMS\",\"description\":\"Ihr Partner weltweit.\",\"publisher\":{\"@id\":\"https:\/\/koehl.energy\/en#organization\"},\"potentialAction\":[{\"@type\":\"SearchAction\",\"target\":{\"@type\":\"EntryPoint\",\"urlTemplate\":\"https:\/\/koehl.energy\/en?s={search_term_string}\"},\"query-input\":{\"@type\":\"PropertyValueSpecification\",\"valueRequired\":true,\"valueName\":\"search_term_string\"}}],\"inLanguage\":\"en-US\"},{\"@type\":\"Organization\",\"@id\":\"https:\/\/koehl.energy\/en#organization\",\"name\":\"K\u00d6HL energy s.\u00e0 r.l. POWER DISTRIBUTION SYSTEMS\",\"url\":\"https:\/\/koehl.energy\/en\",\"logo\":{\"@type\":\"ImageObject\",\"inLanguage\":\"en-US\",\"@id\":\"https:\/\/koehl.energy\/en#\/schema\/logo\/image\/\",\"url\":\"https:\/\/koehl.energy\/wp-content\/uploads\/2025\/06\/KOEHL-ENERGY-SARL-Logo-farbe-ohne-Schatten.png\",\"contentUrl\":\"https:\/\/koehl.energy\/wp-content\/uploads\/2025\/06\/KOEHL-ENERGY-SARL-Logo-farbe-ohne-Schatten.png\",\"width\":800,\"height\":208,\"caption\":\"K\u00d6HL energy s.\u00e0 r.l. POWER DISTRIBUTION SYSTEMS\"},\"image\":{\"@id\":\"https:\/\/koehl.energy\/en#\/schema\/logo\/image\/\"},\"sameAs\":[\"https:\/\/www.facebook.com\/profile.php?id=100063907395570&locale=de_DE\"]}]}<\/script>\n<!-- \/ Yoast SEO plugin. -->","yoast_head_json":{"title":"Dual study programme - K\u00d6HL energy s.\u00e0 r.l. POWER DISTRIBUTION SYSTEMS","description":"We combine our practical training in the company with a well founded engineering degree programme at a university.","robots":{"index":"index","follow":"follow","max-snippet":"max-snippet:-1","max-image-preview":"max-image-preview:large","max-video-preview":"max-video-preview:-1"},"canonical":"https:\/\/koehl.energy\/en\/dual-study-programme","og_locale":"en_US","og_type":"article","og_title":"Dual study programme - K\u00d6HL energy s.\u00e0 r.l. POWER DISTRIBUTION SYSTEMS","og_description":"We combine our practical training in the company with a well founded engineering degree programme at a university.","og_url":"https:\/\/koehl.energy\/en\/dual-study-programme","og_site_name":"K\u00d6HL energy s.\u00e0 r.l. POWER DISTRIBUTION SYSTEMS","article_publisher":"https:\/\/www.facebook.com\/profile.php?id=100063907395570&locale=de_DE","article_modified_time":"2024-08-26T09:27:30+00:00","twitter_card":"summary_large_image","twitter_misc":{"Est. reading time":"3 minutes"},"schema":{"@context":"https:\/\/schema.org","@graph":[{"@type":"WebPage","@id":"https:\/\/koehl.energy\/en\/dual-study-programme","url":"https:\/\/koehl.energy\/en\/dual-study-programme","name":"Dual study programme - K\u00d6HL energy s.\u00e0 r.l. POWER DISTRIBUTION SYSTEMS","isPartOf":{"@id":"https:\/\/koehl.energy\/en#website"},"datePublished":"2023-04-03T09:40:52+00:00","dateModified":"2024-08-26T09:27:30+00:00","description":"We combine our practical training in the company with a well founded engineering degree programme at a university.","breadcrumb":{"@id":"https:\/\/koehl.energy\/en\/dual-study-programme#breadcrumb"},"inLanguage":"en-US","potentialAction":[{"@type":"ReadAction","target":["https:\/\/koehl.energy\/en\/dual-study-programme"]}]},{"@type":"BreadcrumbList","@id":"https:\/\/koehl.energy\/en\/dual-study-programme#breadcrumb","itemListElement":[{"@type":"ListItem","position":1,"name":"Startseite","item":"https:\/\/koehl.energy\/en\/koehl-s-a-r-l-power-distribution-systems"},{"@type":"ListItem","position":2,"name":"Dual study programme"}]},{"@type":"WebSite","@id":"https:\/\/koehl.energy\/en#website","url":"https:\/\/koehl.energy\/en","name":"K\u00d6HL energy s.\u00e0 r.l. POWER DISTRIBUTION SYSTEMS","description":"Ihr Partner weltweit.","publisher":{"@id":"https:\/\/koehl.energy\/en#organization"},"potentialAction":[{"@type":"SearchAction","target":{"@type":"EntryPoint","urlTemplate":"https:\/\/koehl.energy\/en?s={search_term_string}"},"query-input":{"@type":"PropertyValueSpecification","valueRequired":true,"valueName":"search_term_string"}}],"inLanguage":"en-US"},{"@type":"Organization","@id":"https:\/\/koehl.energy\/en#organization","name":"K\u00d6HL energy s.\u00e0 r.l. POWER DISTRIBUTION SYSTEMS","url":"https:\/\/koehl.energy\/en","logo":{"@type":"ImageObject","inLanguage":"en-US","@id":"https:\/\/koehl.energy\/en#\/schema\/logo\/image\/","url":"https:\/\/koehl.energy\/wp-content\/uploads\/2025\/06\/KOEHL-ENERGY-SARL-Logo-farbe-ohne-Schatten.png","contentUrl":"https:\/\/koehl.energy\/wp-content\/uploads\/2025\/06\/KOEHL-ENERGY-SARL-Logo-farbe-ohne-Schatten.png","width":800,"height":208,"caption":"K\u00d6HL energy s.\u00e0 r.l. POWER DISTRIBUTION SYSTEMS"},"image":{"@id":"https:\/\/koehl.energy\/en#\/schema\/logo\/image\/"},"sameAs":["https:\/\/www.facebook.com\/profile.php?id=100063907395570&locale=de_DE"]}]}},"_links":{"self":[{"href":"https:\/\/koehl.energy\/en\/wp-json\/wp\/v2\/pages\/8567","targetHints":{"allow":["GET"]}}],"collection":[{"href":"https:\/\/koehl.energy\/en\/wp-json\/wp\/v2\/pages"}],"about":[{"href":"https:\/\/koehl.energy\/en\/wp-json\/wp\/v2\/types\/page"}],"author":[{"embeddable":true,"href":"https:\/\/koehl.energy\/en\/wp-json\/wp\/v2\/users\/1"}],"replies":[{"embeddable":true,"href":"https:\/\/koehl.energy\/en\/wp-json\/wp\/v2\/comments?post=8567"}],"version-history":[{"count":11,"href":"https:\/\/koehl.energy\/en\/wp-json\/wp\/v2\/pages\/8567\/revisions"}],"predecessor-version":[{"id":10513,"href":"https:\/\/koehl.energy\/en\/wp-json\/wp\/v2\/pages\/8567\/revisions\/10513"}],"wp:attachment":[{"href":"https:\/\/koehl.energy\/en\/wp-json\/wp\/v2\/media?parent=8567"}],"curies":[{"name":"wp","href":"https:\/\/api.w.org\/{rel}","templated":true}]}}